{"id":1990,"date":"2025-01-13T12:11:56","date_gmt":"2025-01-13T12:11:56","guid":{"rendered":"https:\/\/aps-eb.de\/?post_type=product&#038;p=1990"},"modified":"2025-10-05T08:58:35","modified_gmt":"2025-10-05T08:58:35","slug":"us-army-gen-ii-waterproof-parka-multicam","status":"publish","type":"product","link":"https:\/\/www.aps-eb.de\/th\/categorie\/us-army-gen-ii-waterproof-parka-multicam\/","title":{"rendered":"PROPPER ECWCS Gen II Waterproof Parka Outdoor Army Regenjacke MultiCam"},"content":{"rendered":"<h4>US-Army Gen II Waterproof Parka &#8211; Multicam\u00ae<\/h4>\n<ul>\n<li>175gr &#8211; 100 % wasserdichtes, atmungsaktives Nylongewebe<\/li>\n<li>Das Gewebe besteht aus 3 Schichten, die zusammen laminiert sind, um ein wasserdichtes und winddichtes, aber atmungsaktives System zu bilden. Die \u00e4u\u00dfere Schicht besteht aus 100 % Nylongewebe, laminiert auf eine wasserdichte, atmungsaktive Membran, gesch\u00fctzt durch eine Nylonr\u00fcckseite.<\/li>\n<li>Alle N\u00e4hte sind mit wasserdichtem Nahtband geflickt, um Undichtigkeiten zu verhindern.<\/li>\n<li>Die verstellbare Kapuze kann im Kragen verstaut werden<\/li>\n<li>6 Au\u00dfentaschen \u2013 2 Handw\u00e4rmer-\/Cargo-Kombinationstaschen und 2 Schultertaschen<\/li>\n<li>Die interne Brusttasche mit Klettverschluss verbirgt kleine Gegenst\u00e4nde vor den Elementen<\/li>\n<li>Verstellbare B\u00fcndchen und ein Schneefang bieten M\u00f6glichkeiten, den Wind abzuhalten.<\/li>\n<\/ul>\n<p>Der Gen II-Parka verf\u00fcgt \u00fcber ein klassisches Milit\u00e4rdesign, das ein 3-lagiges laminiertes Nylongewebesystem verwendet, um wasserdichten, winddichten und atmungsaktiven Komfort unter allen Bedingungen zu bieten.<\/p>","protected":false},"excerpt":{"rendered":"<h4>US-Army Gen II Waterproof Parka &#8211; Multicam\u00ae<\/h4>","protected":false},"featured_media":2013,"comment_status":"open","ping_status":"closed","template":"","meta":{"_rtcl_gb_attr":"","ngg_post_thumbnail":0},"product_brand":[],"product_cat":[329],"product_tag":[163,161,147,85,162],"class_list":{"0":"post-1990","1":"product","2":"type-product","3":"status-publish","4":"has-post-thumbnail","6":"product_cat-jacken","7":"product_tag-multicam","8":"product_tag-parka","9":"product_tag-propper","10":"product_tag-us-army","11":"product_tag-wasserdicht","13":"first","14":"instock","15":"taxable","16":"shipping-taxable","17":"purchasable","18":"product-type-variable","19":"has-default-attributes"},"bundled_by":[],"bundle_stock_status":"instock","bundle_stock_quantity":2,"bundle_virtual":false,"bundle_layout":"","bundle_add_to_cart_form_location":"","bundle_editable_in_cart":false,"bundle_sold_individually_context":"","bundle_item_grouping":"","bundle_min_size":"","bundle_max_size":"","bundle_price":[],"bundled_items":[],"bundle_sell_ids":[],"jetpack_sharing_enabled":true,"_links":{"self":[{"href":"https:\/\/www.aps-eb.de\/th\/wp-json\/wp\/v2\/product\/1990","targetHints":{"allow":["GET"]}}],"collection":[{"href":"https:\/\/www.aps-eb.de\/th\/wp-json\/wp\/v2\/product"}],"about":[{"href":"https:\/\/www.aps-eb.de\/th\/wp-json\/wp\/v2\/types\/product"}],"replies":[{"embeddable":true,"href":"https:\/\/www.aps-eb.de\/th\/wp-json\/wp\/v2\/comments?post=1990"}],"wp:featuredmedia":[{"embeddable":true,"href":"https:\/\/www.aps-eb.de\/th\/wp-json\/wp\/v2\/media\/2013"}],"wp:attachment":[{"href":"https:\/\/www.aps-eb.de\/th\/wp-json\/wp\/v2\/media?parent=1990"}],"wp:term":[{"taxonomy":"product_brand","embeddable":true,"href":"https:\/\/www.aps-eb.de\/th\/wp-json\/wp\/v2\/product_brand?post=1990"},{"taxonomy":"product_cat","embeddable":true,"href":"https:\/\/www.aps-eb.de\/th\/wp-json\/wp\/v2\/product_cat?post=1990"},{"taxonomy":"product_tag","embeddable":true,"href":"https:\/\/www.aps-eb.de\/th\/wp-json\/wp\/v2\/product_tag?post=1990"}],"curies":[{"name":"wp","href":"https:\/\/api.w.org\/{rel}","templated":true}]}}