{"id":20913,"date":"2026-03-16T15:46:51","date_gmt":"2026-03-16T15:46:51","guid":{"rendered":"https:\/\/www.aps-eb.de\/?post_type=product&#038;p=20913"},"modified":"2026-03-18T06:13:01","modified_gmt":"2026-03-18T06:13:01","slug":"armee-stiefel-sniper-boots","status":"publish","type":"product","link":"https:\/\/www.aps-eb.de\/th\/categorie\/armee-stiefel-sniper-boots\/","title":{"rendered":"Armee Stiefel &#8211; Sniper Boots"},"content":{"rendered":"<h2>Armee Stiefel &#8211; Sniper Boots<\/h2>\n<p><big>Die&nbsp;<strong>Sniper Boots<\/strong>&nbsp;bieten die perfekte Kombination aus St\u00e4rke, Komfort und Vielseitigkeit \u2013 ideal f\u00fcr taktische Eins\u00e4tze, Outdoor-Abenteuer oder den robusten Alltag. Die schwarze Version unterscheidet sich von den gr\u00fcnen und khakifarbenen Modellen durch Kragen und Obermaterial, was f\u00fcr ein markantes Aussehen und Tragegef\u00fchl sorgt.<\/big><\/p>\n<p><big><strong>Hauptmerkmale:<\/strong><\/big><\/p>\n<p><big><strong>Kragen:<\/strong><\/big><\/p>\n<ul>\n<li><big>Vollst\u00e4ndig gepolsterter PU-Kragen (Schwarz)<\/big><\/li>\n<li><big>Vollst\u00e4ndig gepolsterter Wildlederkragen (Gr\u00fcn und Khaki)<\/big><\/li>\n<\/ul>\n<p><big><strong>Obermaterial:<\/strong><\/big><\/p>\n<ul>\n<li><big>Strapazierf\u00e4higes Action-Leder (Schwarz)<\/big><\/li>\n<li><big>Strapazierf\u00e4higes Wildleder-Vow-Leder (Gr\u00fcn und Khaki)<\/big><\/li>\n<\/ul>\n<p><big><strong>Futter:<\/strong><\/big><\/p>\n<ul>\n<li><big>Atmungsaktives und langlebiges Cambrella-Futter (Polyamid)<\/big><\/li>\n<\/ul>\n<p><big><strong>Au\u00dfenmaterial:<\/strong><\/big><\/p>\n<ul>\n<li><big>Abriebfestes 900D Polyester (wasserabweisend)<\/big><\/li>\n<\/ul>\n<p><big><strong>Au\u00dfensohle:<\/strong><\/big><\/p>\n<ul>\n<li><big>Rutschfeste und \u00f6lbest\u00e4ndige Gummisohle<\/big><\/li>\n<\/ul>\n<p><big><strong>Innensohle:<\/strong><\/big><\/p>\n<ul>\n<li><big>Herausnehmbare, gepolsterte Einlegesohle f\u00fcr zus\u00e4tzlichen Komfort<\/big><\/li>\n<\/ul>\n<p><big><strong>Zehenschutz:<\/strong><\/big><\/p>\n<ul>\n<li><big>Verst\u00e4rkte Zehenkappe (ohne Sicherheitskappe)<\/big><\/li>\n<\/ul>\n<p><big><strong>Leicht zu reinigen<\/strong><\/big><\/p>\n<p><big><strong>Gewicht:<\/strong><\/big><\/p>\n<ul>\n<li><big>Ca. 662 g pro Stiefel (Gr\u00f6\u00dfe 44)<\/big><\/li>\n<\/ul>","protected":false},"excerpt":{"rendered":"<h2>Armee Stiefel &#8211; Sniper Boots<\/h2>\n<p><big>Die&nbsp;<strong>Sniper Boots<\/strong>&nbsp;bieten die perfekte Kombination aus St\u00e4rke, Komfort und Vielseitigkeit \u2013 ideal f\u00fcr taktische Eins\u00e4tze, Outdoor-Abenteuer oder den robusten Alltag. Die schwarze Version unterscheidet sich von den gr\u00fcnen und khakifarbenen Modellen durch Kragen und Obermaterial, was f\u00fcr ein markantes Aussehen und Tragegef\u00fchl sorgt.<\/big><\/p>","protected":false},"featured_media":20991,"comment_status":"open","ping_status":"closed","template":"","meta":{"_rtcl_gb_attr":"","ngg_post_thumbnail":0},"product_brand":[432],"product_cat":[333],"product_tag":[336,154,155,85,153],"class_list":{"0":"post-20913","1":"product","2":"type-product","3":"status-publish","4":"has-post-thumbnail","6":"product_brand-fostex-garments","7":"product_cat-schuhe","8":"product_tag-fostex-garments","9":"product_tag-kampfstiefel","10":"product_tag-springerstiefel","11":"product_tag-us-army","12":"product_tag-us-boots","13":"pa_farbe-gruen","14":"pa_farbe-khaki","15":"pa_farbe-schwarz","17":"first","18":"instock","19":"taxable","20":"shipping-taxable","21":"purchasable","22":"product-type-variable","23":"has-default-attributes"},"bundled_by":[],"bundle_stock_status":"instock","bundle_stock_quantity":null,"bundle_virtual":false,"bundle_layout":"","bundle_add_to_cart_form_location":"","bundle_editable_in_cart":false,"bundle_sold_individually_context":"","bundle_item_grouping":"","bundle_min_size":"","bundle_max_size":"","bundle_price":[],"bundled_items":[],"bundle_sell_ids":[],"jetpack_sharing_enabled":true,"_links":{"self":[{"href":"https:\/\/www.aps-eb.de\/th\/wp-json\/wp\/v2\/product\/20913","targetHints":{"allow":["GET"]}}],"collection":[{"href":"https:\/\/www.aps-eb.de\/th\/wp-json\/wp\/v2\/product"}],"about":[{"href":"https:\/\/www.aps-eb.de\/th\/wp-json\/wp\/v2\/types\/product"}],"replies":[{"embeddable":true,"href":"https:\/\/www.aps-eb.de\/th\/wp-json\/wp\/v2\/comments?post=20913"}],"wp:featuredmedia":[{"embeddable":true,"href":"https:\/\/www.aps-eb.de\/th\/wp-json\/wp\/v2\/media\/20991"}],"wp:attachment":[{"href":"https:\/\/www.aps-eb.de\/th\/wp-json\/wp\/v2\/media?parent=20913"}],"wp:term":[{"taxonomy":"product_brand","embeddable":true,"href":"https:\/\/www.aps-eb.de\/th\/wp-json\/wp\/v2\/product_brand?post=20913"},{"taxonomy":"product_cat","embeddable":true,"href":"https:\/\/www.aps-eb.de\/th\/wp-json\/wp\/v2\/product_cat?post=20913"},{"taxonomy":"product_tag","embeddable":true,"href":"https:\/\/www.aps-eb.de\/th\/wp-json\/wp\/v2\/product_tag?post=20913"}],"curies":[{"name":"wp","href":"https:\/\/api.w.org\/{rel}","templated":true}]}}