{"id":21060,"date":"2026-03-18T06:10:27","date_gmt":"2026-03-18T06:10:27","guid":{"rendered":"https:\/\/www.aps-eb.de\/categorie\/metall-model-f4u-corsair-172-11\/"},"modified":"2026-03-18T09:04:39","modified_gmt":"2026-03-18T09:04:39","slug":"metall-model-f4u-corsair-172-11","status":"publish","type":"product","link":"https:\/\/www.aps-eb.de\/th\/categorie\/metall-model-f4u-corsair-172-11\/","title":{"rendered":"Metall Model F4U Corsair 1:72 #11"},"content":{"rendered":"<div class=\"product-header-block\">\n<h1>Die-Cast Modell F4U Corsair 1:72 #11<\/h1>\n<h3>412711<\/h3>\n<\/div>\n<div class=\"info-block\">\n<div class=\"info-block--item\">\n<div>Entdecken Sie dieses detaillierte Die-Cast-Modell der F4U Corsair. Dieses legend\u00e4re Kampfflugzeug mit seinen charakteristischen M\u00f6wenfl\u00fcgeln war im Zweiten Weltkrieg im Pazifik im Einsatz und steht sicher auf einem Sockel. Ideal f\u00fcr Sammler und Liebhaber von Milit\u00e4rluftfahrt!<\/div>\n<div>\n<p><big><strong>Ma\u00dfstab:<\/strong>&nbsp;1:72<br \/>\n<strong>Material:<\/strong>&nbsp;Metallbasis mit Kunststoffteilen<\/big><\/p>\n<\/div>\n<\/div>\n<\/div>","protected":false},"excerpt":{"rendered":"<p>Die-Cast Modell F4U Corsair 1:72 #11 412711 Entdecken Sie dieses detaillierte Die-Cast-Modell der F4U Corsair. Dieses legend\u00e4re Kampfflugzeug mit seinen<\/p>","protected":false},"featured_media":21010,"comment_status":"closed","ping_status":"closed","template":"","meta":{"_rtcl_gb_attr":"","ngg_post_thumbnail":0},"product_brand":[],"product_cat":[503],"product_tag":[],"class_list":{"0":"post-21060","1":"product","2":"type-product","3":"status-publish","4":"has-post-thumbnail","6":"product_cat-dekoration","8":"first","9":"instock","10":"taxable","11":"shipping-taxable","12":"purchasable","13":"product-type-simple"},"bundled_by":[],"bundle_stock_status":"instock","bundle_stock_quantity":null,"bundle_virtual":false,"bundle_layout":"","bundle_add_to_cart_form_location":"","bundle_editable_in_cart":false,"bundle_sold_individually_context":"","bundle_item_grouping":"","bundle_min_size":"","bundle_max_size":"","bundle_price":[],"bundled_items":[],"bundle_sell_ids":[],"jetpack_sharing_enabled":true,"_links":{"self":[{"href":"https:\/\/www.aps-eb.de\/th\/wp-json\/wp\/v2\/product\/21060","targetHints":{"allow":["GET"]}}],"collection":[{"href":"https:\/\/www.aps-eb.de\/th\/wp-json\/wp\/v2\/product"}],"about":[{"href":"https:\/\/www.aps-eb.de\/th\/wp-json\/wp\/v2\/types\/product"}],"replies":[{"embeddable":true,"href":"https:\/\/www.aps-eb.de\/th\/wp-json\/wp\/v2\/comments?post=21060"}],"wp:featuredmedia":[{"embeddable":true,"href":"https:\/\/www.aps-eb.de\/th\/wp-json\/wp\/v2\/media\/21010"}],"wp:attachment":[{"href":"https:\/\/www.aps-eb.de\/th\/wp-json\/wp\/v2\/media?parent=21060"}],"wp:term":[{"taxonomy":"product_brand","embeddable":true,"href":"https:\/\/www.aps-eb.de\/th\/wp-json\/wp\/v2\/product_brand?post=21060"},{"taxonomy":"product_cat","embeddable":true,"href":"https:\/\/www.aps-eb.de\/th\/wp-json\/wp\/v2\/product_cat?post=21060"},{"taxonomy":"product_tag","embeddable":true,"href":"https:\/\/www.aps-eb.de\/th\/wp-json\/wp\/v2\/product_tag?post=21060"}],"curies":[{"name":"wp","href":"https:\/\/api.w.org\/{rel}","templated":true}]}}