{"id":2154,"date":"2025-02-14T13:17:01","date_gmt":"2025-02-14T13:17:01","guid":{"rendered":"https:\/\/aps-eb.de\/?post_type=product&#038;p=2154"},"modified":"2026-04-15T05:47:44","modified_gmt":"2026-04-15T05:47:44","slug":"shell-aeroshell-sport-plus-4","status":"publish","type":"product","link":"https:\/\/www.aps-eb.de\/th\/categorie\/shell-aeroshell-sport-plus-4\/","title":{"rendered":"Shell Aeroshell Sport Plus 4"},"content":{"rendered":"<h1 id=\"title\" class=\"a-size-large a-spacing-none\"><span id=\"productTitle\" class=\"a-size-large product-title-word-break\">Shell Aeroshell Sport Plus 4<\/span><\/h1>\n<p>AeroShell Oil Sport Plus 4 auf einen Blick:<\/p>\n<ul>\n<li>Mehrbereichs\u00f6l f\u00fcr den weltweiten Einsatz in allen Klimazonen.<\/li>\n<li>&nbsp; &nbsp;Additiv-Technologie &#8211; erf\u00fcllt perfekt die Anforderungen integrierter Getriebe und \u00dcberlastungskupplungen (ROTAX Serie 912 u. 914).<\/li>\n<li>Hohe thermische Stabilit\u00e4t f\u00fcr eine l\u00e4ngere und sichere Schmierung.<\/li>\n<li>Hohe Verdampfungsstabilit\u00e4t f\u00fcr geringeren \u00d6lverbrauch.<\/li>\n<li>Bessere Kaltflie\u00dfeigenschaften f\u00fcr leichteren Kaltstart und besseren Motorschutz.<\/li>\n<li>Ein leistungsstarkes Antioxidant sch\u00fctzt die Bauteile und h\u00e4lt sie l\u00e4nger sauber.<\/li>\n<li>Ausgew\u00e4hlte Dispersantadditive verhindern die Bildung von \u00d6lschlamm und Ablagerungen.<\/li>\n<li>Spezielle hochwertige Grund\u00f6le beugen der Bildung von \u00d6lschlamm im Betrieb mit verbleiten Kraftstoffen vor.<\/li>\n<li>Antischaumadditive maximieren die Schmierwirkung.<\/li>\n<li>Hervorragende Elastomervertr\u00e4glichkeit zum Schutz von Schl\u00e4uchen und Dichtungen.<\/li>\n<li>Spezielle Additive wirken als S\u00e4ureregulator.<\/li>\n<li>Kann mit unverbleitem Kraftstoff und Avgas 100LL eingesetzt werden.<\/li>\n<\/ul>\n<p>Hinweis:&nbsp;AeroShell Oil Sport Plus 4&nbsp;nicht&nbsp;f\u00fcr Motoren verwenden, die f\u00fcr den Einsatz aschefreier Dispersant-Kolbenflugmotoren\u00f6le wie AeroShell W \u00d6le vorgesehen sind. Dies gilt f\u00fcr luftgek\u00fchlte Teledyne Continental-Motoren sowie f\u00fcr Textron Lycoming- und Jabiru-Motoren.<\/p>","protected":false},"excerpt":{"rendered":"<h1 id=\"title\" class=\"a-size-large a-spacing-none\"><span id=\"productTitle\" class=\"a-size-large product-title-word-break\">Shell Aeroshell Sport Plus 4<\/span><\/h1>","protected":false},"featured_media":2162,"comment_status":"open","ping_status":"closed","template":"","meta":{"_rtcl_gb_attr":"","ngg_post_thumbnail":0},"product_brand":[],"product_cat":[169],"product_tag":[184,183,182,69,28,185,186,111],"class_list":{"0":"post-2154","1":"product","2":"type-product","3":"status-publish","4":"has-post-thumbnail","6":"product_cat-oele","7":"product_tag-184","8":"product_tag-flugzeugmotorenoel","9":"product_tag-motoroel","10":"product_tag-oelfilter","11":"product_tag-rotax","12":"product_tag-rotax-912","13":"product_tag-rotax-914","14":"product_tag-rotax-zuendkerze","16":"first","17":"instock","18":"taxable","19":"shipping-taxable","20":"purchasable","21":"product-type-simple"},"bundled_by":[],"bundle_stock_status":"instock","bundle_stock_quantity":4,"bundle_virtual":false,"bundle_layout":"","bundle_add_to_cart_form_location":"","bundle_editable_in_cart":false,"bundle_sold_individually_context":"","bundle_item_grouping":"","bundle_min_size":"","bundle_max_size":"","bundle_price":[],"bundled_items":[],"bundle_sell_ids":[],"jetpack_sharing_enabled":true,"_links":{"self":[{"href":"https:\/\/www.aps-eb.de\/th\/wp-json\/wp\/v2\/product\/2154","targetHints":{"allow":["GET"]}}],"collection":[{"href":"https:\/\/www.aps-eb.de\/th\/wp-json\/wp\/v2\/product"}],"about":[{"href":"https:\/\/www.aps-eb.de\/th\/wp-json\/wp\/v2\/types\/product"}],"replies":[{"embeddable":true,"href":"https:\/\/www.aps-eb.de\/th\/wp-json\/wp\/v2\/comments?post=2154"}],"wp:featuredmedia":[{"embeddable":true,"href":"https:\/\/www.aps-eb.de\/th\/wp-json\/wp\/v2\/media\/2162"}],"wp:attachment":[{"href":"https:\/\/www.aps-eb.de\/th\/wp-json\/wp\/v2\/media?parent=2154"}],"wp:term":[{"taxonomy":"product_brand","embeddable":true,"href":"https:\/\/www.aps-eb.de\/th\/wp-json\/wp\/v2\/product_brand?post=2154"},{"taxonomy":"product_cat","embeddable":true,"href":"https:\/\/www.aps-eb.de\/th\/wp-json\/wp\/v2\/product_cat?post=2154"},{"taxonomy":"product_tag","embeddable":true,"href":"https:\/\/www.aps-eb.de\/th\/wp-json\/wp\/v2\/product_tag?post=2154"}],"curies":[{"name":"wp","href":"https:\/\/api.w.org\/{rel}","templated":true}]}}