{"id":2208,"date":"2025-03-06T09:33:22","date_gmt":"2025-03-06T09:33:22","guid":{"rendered":"https:\/\/aps-eb.de\/?post_type=product&#038;p=2208"},"modified":"2025-10-05T08:58:04","modified_gmt":"2025-10-05T08:58:04","slug":"tactical-vest-taktische-weste","status":"publish","type":"product","link":"https:\/\/www.aps-eb.de\/th\/categorie\/tactical-vest-taktische-weste\/","title":{"rendered":"Tactical Vest &#8211; Taktische Weste"},"content":{"rendered":"<h1 class=\"text-lg mt-4 mb-3 md:text-28 font-bold text-bluepropper font-Opensans\">Tactical Vest &#8211; Taktische Weste<\/h1>\n<p>Halten Sie alles Wichtige in Reichweite \u2013 ohne sich zu beschweren. Ob Sie an einem IDPA-Match teilnehmen oder einfach die Natur genie\u00dfen, diese Weste ist verst\u00e4rkt f\u00fcr mehr Strapazierf\u00e4higkeit und vielseitig einsetzbar. Die Propper\u00ae Tactical Vest h\u00e4lt Sie in Bewegung.<\/p>\n<ul>\n<li>6,4 oz 65 % Polyester \/ 35 % Baumwolle, leichtes Ripstop<\/li>\n<li>16-Taschen-Design<\/li>\n<li>Innentaschen mit Schlaufenfutter<\/li>\n<li>MOLLE-kompatibel<\/li>\n<li>Bel\u00fcftete R\u00fcckseite<\/li>\n<li>Klettfeld f\u00fcr Identifikations- oder Morale-Patches<\/li>\n<li>Linke Vordertasche hat Trennw\u00e4nde zur sicheren Aufbewahrung von Pistolenmagazinen<\/li>\n<li>Gro\u00dfe Netztaschen hinter jeder Innentasche<\/li>\n<li>H\u00fcftverstellungsgurte mit Klettverschluss<\/li>\n<li>Stifttasche auf der Brust<\/li>\n<li>Von NTOA-Mitgliedern getestet und zugelassen<\/li>\n<li>IDPA-konform zur Ausr\u00fcstungsverdeckung<\/li>\n<li>US-Import<\/li>\n<\/ul>","protected":false},"excerpt":{"rendered":"<h4>Tactical Vest &#8211; Taktische Weste<\/h4>","protected":false},"featured_media":2256,"comment_status":"open","ping_status":"closed","template":"","meta":{"_rtcl_gb_attr":"","ngg_post_thumbnail":0},"product_brand":[],"product_cat":[329],"product_tag":[163,161,147,180,85,162,179],"class_list":{"0":"post-2208","1":"product","2":"type-product","3":"status-publish","4":"has-post-thumbnail","6":"product_cat-jacken","7":"product_tag-multicam","8":"product_tag-parka","9":"product_tag-propper","10":"product_tag-taktische-weste","11":"product_tag-us-army","12":"product_tag-wasserdicht","13":"product_tag-weste","14":"pa_farbe-black","15":"pa_farbe-khaki","17":"first","18":"instock","19":"taxable","20":"shipping-taxable","21":"purchasable","22":"product-type-variable","23":"has-default-attributes"},"bundled_by":[],"bundle_stock_status":"instock","bundle_stock_quantity":2,"bundle_virtual":false,"bundle_layout":"","bundle_add_to_cart_form_location":"","bundle_editable_in_cart":false,"bundle_sold_individually_context":"","bundle_item_grouping":"","bundle_min_size":"","bundle_max_size":"","bundle_price":[],"bundled_items":[],"bundle_sell_ids":[],"jetpack_sharing_enabled":true,"_links":{"self":[{"href":"https:\/\/www.aps-eb.de\/th\/wp-json\/wp\/v2\/product\/2208","targetHints":{"allow":["GET"]}}],"collection":[{"href":"https:\/\/www.aps-eb.de\/th\/wp-json\/wp\/v2\/product"}],"about":[{"href":"https:\/\/www.aps-eb.de\/th\/wp-json\/wp\/v2\/types\/product"}],"replies":[{"embeddable":true,"href":"https:\/\/www.aps-eb.de\/th\/wp-json\/wp\/v2\/comments?post=2208"}],"wp:featuredmedia":[{"embeddable":true,"href":"https:\/\/www.aps-eb.de\/th\/wp-json\/wp\/v2\/media\/2256"}],"wp:attachment":[{"href":"https:\/\/www.aps-eb.de\/th\/wp-json\/wp\/v2\/media?parent=2208"}],"wp:term":[{"taxonomy":"product_brand","embeddable":true,"href":"https:\/\/www.aps-eb.de\/th\/wp-json\/wp\/v2\/product_brand?post=2208"},{"taxonomy":"product_cat","embeddable":true,"href":"https:\/\/www.aps-eb.de\/th\/wp-json\/wp\/v2\/product_cat?post=2208"},{"taxonomy":"product_tag","embeddable":true,"href":"https:\/\/www.aps-eb.de\/th\/wp-json\/wp\/v2\/product_tag?post=2208"}],"curies":[{"name":"wp","href":"https:\/\/api.w.org\/{rel}","templated":true}]}}