{"id":2264,"date":"2025-03-09T13:15:32","date_gmt":"2025-03-09T13:15:32","guid":{"rendered":"https:\/\/aps-eb.de\/?post_type=product&#038;p=2264"},"modified":"2025-10-05T09:14:11","modified_gmt":"2025-10-05T09:14:11","slug":"us-marines-usmc-rucksack-assault-3-day-pack-army-coyote-brown","status":"publish","type":"product","link":"https:\/\/www.aps-eb.de\/th\/categorie\/us-marines-usmc-rucksack-assault-3-day-pack-army-coyote-brown\/","title":{"rendered":"Us Marines USMC Rucksack Assault 3 Day Pack Army Coyote Brown"},"content":{"rendered":"<h4 id=\"tw-target-text\" class=\"tw-data-text tw-text-large tw-ta\" dir=\"ltr\" data-placeholder=\"Translation\">Us Marines USMC Rucksack Assault 3 Day Pack Army Coyote Brown<\/h4>\n<ul>\n<li>NSN: 8465-01-600-7830<\/li>\n<li>Kompatibel mit USMC Pack System<\/li>\n<li>20 x 14 x 5 Zoll Hauptfach mit Rei\u00dfverschluss-Netztasche, zwei Feldflaschentaschen, gro\u00dfer Ablagebeutel mit Kompressionsriemen<\/li>\n<li>11 x 11 x 3 Zoll Nebenfach mit Rei\u00dfverschluss-Netztasche<\/li>\n<li>Herausnehmbarer Tr\u00e4gerplatteneinsatz (Zugang \u00fcber Hauptfach)<\/li>\n<li>Klettfeld zur Befestigung von ID-Patches<\/li>\n<li>Eingen\u00e4hte Kompressionsriemen\/Rucksackbefestigungsriemen<\/li>\n<li>Verstaubare, verstellbare, gepolsterte Schultergurte mit Gurtschlaufen zur Ausr\u00fcstungsf\u00fchrung und Schnellverschl\u00fcssen<\/li>\n<li>Verstellbarer, schnell l\u00f6sbarer Brustgurt<\/li>\n<li>Verstaubarer, verstellbarer H\u00fcftgurt<\/li>\n<li>PALS-Gurtband<\/li>\n<li>Oberer Ziehgriff mit zwei durch Klettverschluss gesicherten Trink\u00f6ffnungen an der Basis<\/li>\n<li>Abfluss\u00f6sen an der Basis aller F\u00e4cher<\/li>\n<li>US-Import<\/li>\n<\/ul>\n<p>Der Propper USMC Assault Pack ist ein vielseitiger und robuster Rucksack, der sich nahtlos in das USMC Pack System integrieren l\u00e4sst. Mit mehreren F\u00e4chern, Kompressionsriemen und verstaubaren gepolsterten Schultergurten bietet dieser Rucksack ausreichend Stauraum und Komfort f\u00fcr jede Mission.<\/p>","protected":false},"excerpt":{"rendered":"<h4 id=\"tw-target-text\" class=\"tw-data-text tw-text-large tw-ta\" dir=\"ltr\" data-placeholder=\"Translation\">Us Marines USMC Rucksack Assault 3 Day Pack Army Coyote Brown<\/h4>","protected":false},"featured_media":2270,"comment_status":"open","ping_status":"closed","template":"","meta":{"_rtcl_gb_attr":"","ngg_post_thumbnail":0},"product_brand":[],"product_cat":[330],"product_tag":[188,187,152,85,138],"class_list":{"0":"post-2264","1":"product","2":"type-product","3":"status-publish","4":"has-post-thumbnail","6":"product_cat-taschen-backpacks","7":"product_tag-assault","8":"product_tag-backpack","9":"product_tag-rucksack","10":"product_tag-us-army","11":"product_tag-usmc","13":"first","14":"instock","15":"taxable","16":"shipping-taxable","17":"purchasable","18":"product-type-simple"},"bundled_by":[],"bundle_stock_status":"instock","bundle_stock_quantity":10,"bundle_virtual":false,"bundle_layout":"","bundle_add_to_cart_form_location":"","bundle_editable_in_cart":false,"bundle_sold_individually_context":"","bundle_item_grouping":"","bundle_min_size":"","bundle_max_size":"","bundle_price":[],"bundled_items":[],"bundle_sell_ids":[],"jetpack_sharing_enabled":true,"_links":{"self":[{"href":"https:\/\/www.aps-eb.de\/th\/wp-json\/wp\/v2\/product\/2264","targetHints":{"allow":["GET"]}}],"collection":[{"href":"https:\/\/www.aps-eb.de\/th\/wp-json\/wp\/v2\/product"}],"about":[{"href":"https:\/\/www.aps-eb.de\/th\/wp-json\/wp\/v2\/types\/product"}],"replies":[{"embeddable":true,"href":"https:\/\/www.aps-eb.de\/th\/wp-json\/wp\/v2\/comments?post=2264"}],"wp:featuredmedia":[{"embeddable":true,"href":"https:\/\/www.aps-eb.de\/th\/wp-json\/wp\/v2\/media\/2270"}],"wp:attachment":[{"href":"https:\/\/www.aps-eb.de\/th\/wp-json\/wp\/v2\/media?parent=2264"}],"wp:term":[{"taxonomy":"product_brand","embeddable":true,"href":"https:\/\/www.aps-eb.de\/th\/wp-json\/wp\/v2\/product_brand?post=2264"},{"taxonomy":"product_cat","embeddable":true,"href":"https:\/\/www.aps-eb.de\/th\/wp-json\/wp\/v2\/product_cat?post=2264"},{"taxonomy":"product_tag","embeddable":true,"href":"https:\/\/www.aps-eb.de\/th\/wp-json\/wp\/v2\/product_tag?post=2264"}],"curies":[{"name":"wp","href":"https:\/\/api.w.org\/{rel}","templated":true}]}}