{"id":2338,"date":"2025-04-24T14:27:04","date_gmt":"2025-04-24T14:27:04","guid":{"rendered":"https:\/\/aps-eb.de\/?post_type=product&#038;p=2338"},"modified":"2025-04-24T14:36:13","modified_gmt":"2025-04-24T14:36:13","slug":"instrumentenbrett-cessna-172n","status":"publish","type":"product","link":"https:\/\/www.aps-eb.de\/th\/categorie\/instrumentenbrett-cessna-172n\/","title":{"rendered":"Instrumentenbrett Cessna 172N"},"content":{"rendered":"<h1 class=\"product-detail-name\">Instrumentenbrett Cessna 172N<\/h1>\n<div id=\"headingdescription\" class=\"card-header\" role=\"tab\">\n<p class=\"h5\">Instrumentenbrett incl. Ausschnitt f\u00fcr Instrumente (z.B. f\u00fcr den Einbau eines Garmin G5). Das Layout l\u00e4sst sich auf Kundenwunsch anpassen.<\/p>\n<p><span style=\"color: #323b45; font-family: Montserrat, Helvetica, Arial, Verdana, sans-serif; font-size: 16px;\">SPEZIFIKATIONEN:<br \/>\n<\/span><\/div>\n<div role=\"tab\">Material AlMg3 t=1,5mm oder 2mm &#8211; eloxiert nach Kundenwunsch<\/div>","protected":false},"excerpt":{"rendered":"<h1 class=\"product--title\">Instrumentenbrett Cessna 172N<\/h1>","protected":false},"featured_media":2339,"comment_status":"open","ping_status":"closed","template":"","meta":{"_rtcl_gb_attr":"","ngg_post_thumbnail":0},"product_brand":[],"product_cat":[53],"product_tag":[77,170,201,48,202,70],"class_list":{"0":"post-2338","1":"product","2":"type-product","3":"status-publish","4":"has-post-thumbnail","6":"product_cat-instrumente","7":"product_tag-cessna","8":"product_tag-continental","9":"product_tag-g5","10":"product_tag-garmin","11":"product_tag-instrumentenbrett","12":"product_tag-lycomming","14":"first","15":"instock","16":"taxable","17":"shipping-taxable","18":"purchasable","19":"product-type-simple"},"bundled_by":[],"bundle_stock_status":"instock","bundle_stock_quantity":20,"bundle_virtual":false,"bundle_layout":"","bundle_add_to_cart_form_location":"","bundle_editable_in_cart":false,"bundle_sold_individually_context":"","bundle_item_grouping":"","bundle_min_size":"","bundle_max_size":"","bundle_price":[],"bundled_items":[],"bundle_sell_ids":[],"jetpack_sharing_enabled":true,"_links":{"self":[{"href":"https:\/\/www.aps-eb.de\/th\/wp-json\/wp\/v2\/product\/2338","targetHints":{"allow":["GET"]}}],"collection":[{"href":"https:\/\/www.aps-eb.de\/th\/wp-json\/wp\/v2\/product"}],"about":[{"href":"https:\/\/www.aps-eb.de\/th\/wp-json\/wp\/v2\/types\/product"}],"replies":[{"embeddable":true,"href":"https:\/\/www.aps-eb.de\/th\/wp-json\/wp\/v2\/comments?post=2338"}],"wp:featuredmedia":[{"embeddable":true,"href":"https:\/\/www.aps-eb.de\/th\/wp-json\/wp\/v2\/media\/2339"}],"wp:attachment":[{"href":"https:\/\/www.aps-eb.de\/th\/wp-json\/wp\/v2\/media?parent=2338"}],"wp:term":[{"taxonomy":"product_brand","embeddable":true,"href":"https:\/\/www.aps-eb.de\/th\/wp-json\/wp\/v2\/product_brand?post=2338"},{"taxonomy":"product_cat","embeddable":true,"href":"https:\/\/www.aps-eb.de\/th\/wp-json\/wp\/v2\/product_cat?post=2338"},{"taxonomy":"product_tag","embeddable":true,"href":"https:\/\/www.aps-eb.de\/th\/wp-json\/wp\/v2\/product_tag?post=2338"}],"curies":[{"name":"wp","href":"https:\/\/api.w.org\/{rel}","templated":true}]}}