{"id":2340,"date":"2025-04-24T14:43:33","date_gmt":"2025-04-24T14:43:33","guid":{"rendered":"https:\/\/aps-eb.de\/?post_type=product&#038;p=2340"},"modified":"2026-05-10T06:59:51","modified_gmt":"2026-05-10T06:59:51","slug":"aeroshell-grease-6-400g-kartusche","status":"publish","type":"product","link":"https:\/\/www.aps-eb.de\/th\/categorie\/aeroshell-grease-6-400g-kartusche\/","title":{"rendered":"AeroShell Grease 6 &#8211; 400g Kartusche"},"content":{"rendered":"<h1 class=\"product-detail-name\">AeroShell Grease 6 &#8211; 400g Kartusche<\/h1>\n<div id=\"headingdescription\" class=\"card-header\" role=\"tab\">\n<p class=\"h5\">Shell Aeroshell 6 ist ein Schmierfett f\u00fcr Flugzeuge. Es wird f\u00fcr W\u00e4lzlager, Getriebe und Gleitlager empfohlen. Das Produkt besteht aus Mineral\u00f6l, das mit Microgel verdickt ist, Korrosion und Oxidation bek\u00e4mpft und eine gute Wasserbest\u00e4ndigkeit aufweist.<\/p>\n<p><span style=\"color: #323b45; font-family: Montserrat, Helvetica, Arial, Verdana, sans-serif; font-size: 16px;\">SPEZIFIKATIONEN:<br \/>\n<\/span>MIL-PRF-24139A, MIL-G-7711A, Britisch: DEF STAN 91-12, Franz\u00f6sisch: DCSEA 382\/A, NATO-Code: G-382, Gemeinsame Dienstbezeichnung XG-271<\/p>\n<\/div>","protected":false},"excerpt":{"rendered":"<h1 class=\"product--title\">AeroShell Grease 6 &#8211; 400g Kartusche<\/h1>","protected":false},"featured_media":2341,"comment_status":"open","ping_status":"closed","template":"","meta":{"_rtcl_gb_attr":"","ngg_post_thumbnail":0},"product_brand":[],"product_cat":[169],"product_tag":[199,170,200,70,69,28,111],"class_list":{"0":"post-2340","1":"product","2":"type-product","3":"status-publish","4":"has-post-thumbnail","6":"product_cat-oele","7":"product_tag-aeroshell","8":"product_tag-continental","9":"product_tag-grease","10":"product_tag-lycomming","11":"product_tag-oelfilter","12":"product_tag-rotax","13":"product_tag-rotax-zuendkerze","15":"first","16":"instock","17":"taxable","18":"shipping-taxable","19":"purchasable","20":"product-type-simple"},"bundled_by":[],"bundle_stock_status":"instock","bundle_stock_quantity":7,"bundle_virtual":false,"bundle_layout":"","bundle_add_to_cart_form_location":"","bundle_editable_in_cart":false,"bundle_sold_individually_context":"","bundle_item_grouping":"","bundle_min_size":"","bundle_max_size":"","bundle_price":[],"bundled_items":[],"bundle_sell_ids":[],"jetpack_sharing_enabled":true,"_links":{"self":[{"href":"https:\/\/www.aps-eb.de\/th\/wp-json\/wp\/v2\/product\/2340","targetHints":{"allow":["GET"]}}],"collection":[{"href":"https:\/\/www.aps-eb.de\/th\/wp-json\/wp\/v2\/product"}],"about":[{"href":"https:\/\/www.aps-eb.de\/th\/wp-json\/wp\/v2\/types\/product"}],"replies":[{"embeddable":true,"href":"https:\/\/www.aps-eb.de\/th\/wp-json\/wp\/v2\/comments?post=2340"}],"wp:featuredmedia":[{"embeddable":true,"href":"https:\/\/www.aps-eb.de\/th\/wp-json\/wp\/v2\/media\/2341"}],"wp:attachment":[{"href":"https:\/\/www.aps-eb.de\/th\/wp-json\/wp\/v2\/media?parent=2340"}],"wp:term":[{"taxonomy":"product_brand","embeddable":true,"href":"https:\/\/www.aps-eb.de\/th\/wp-json\/wp\/v2\/product_brand?post=2340"},{"taxonomy":"product_cat","embeddable":true,"href":"https:\/\/www.aps-eb.de\/th\/wp-json\/wp\/v2\/product_cat?post=2340"},{"taxonomy":"product_tag","embeddable":true,"href":"https:\/\/www.aps-eb.de\/th\/wp-json\/wp\/v2\/product_tag?post=2340"}],"curies":[{"name":"wp","href":"https:\/\/api.w.org\/{rel}","templated":true}]}}