{"id":2350,"date":"2025-04-25T10:02:12","date_gmt":"2025-04-25T10:02:12","guid":{"rendered":"https:\/\/aps-eb.de\/?post_type=product&#038;p=2350"},"modified":"2025-04-25T10:17:17","modified_gmt":"2025-04-25T10:17:17","slug":"cht-sensor-zuendkerzendichtung","status":"publish","type":"product","link":"https:\/\/www.aps-eb.de\/th\/categorie\/cht-sensor-zuendkerzendichtung\/","title":{"rendered":"CHT-Sensor &#8211; Z\u00fcndkerzendichtung"},"content":{"rendered":"<h1 class=\"product-detail-name\">CHT-Sensor &#8211; Z\u00fcndkerzendichtung<\/h1>\n<div id=\"headingdescription\" class=\"card-header\" role=\"tab\">\n<p>Die Dichtungssonde verwendet dasselbe Thermoelement vom Typ J wie die Federsonde. Diese Sonde ersetzt die Dichtung an 18-mm oder 14mm-Z\u00fcndkerzen. Das Thermoelement vom Typ J hat rot-wei\u00df farbcodierte Dr\u00e4hte. Beachten Sie, dass die Z\u00fcndkerzen einiger Motoren 50 bis 100 Grad Fahrenheit hei\u00dfer werden k\u00f6nnen als die Thermoh\u00fclse. Die Dichtungssonde wird immer dann empfohlen, wenn die Federsonde nicht verwendet werden kann. Flugzeuge mit TANIS-Vorw\u00e4rmern mit Thermoh\u00fclse sollten die CHT-Dichtungssonden verwenden.<\/p>\n<p><span style=\"color: #323b45; font-family: Montserrat, Helvetica, Arial, Verdana, sans-serif; font-size: 16px;\">SPEZIFIKATIONEN:<br \/>\n<\/span><\/p>\n<\/div>\n<div role=\"tab\">\n<p>P\/N 2853<br \/>\nThermoelement Typ J, rot\/wei\u00df in schwarz<br \/>\n<strong>Abmessungen: 18 mm<\/strong><br \/>\nInnendurchmesser: 18 mm<br \/>\nAu\u00dfendurchmesser: 24 mm<br \/>\nDicke: 3,1 mm<\/p>\n<p>P\/N 2854<br \/>\nThermoelement Typ J, rot\/wei\u00df in schwarz<br \/>\n<strong>Abmessungen: 14 mm<\/strong><br \/>\nInnendurchmesser: 14 mm<br \/>\nAu\u00dfendurchmesser: 19 mm<br \/>\nDicke: 3,1 mm<\/p>\n<\/div>","protected":false},"excerpt":{"rendered":"<h1 class=\"product-detail-name\">CHT-Sensor &#8211; Z\u00fcndkerzendichtung<\/h1>","protected":false},"featured_media":2357,"comment_status":"open","ping_status":"closed","template":"","meta":{"_rtcl_gb_attr":"","ngg_post_thumbnail":0},"product_brand":[],"product_cat":[53],"product_tag":[77,204,170,201,48,203,202,70],"class_list":{"0":"post-2350","1":"product","2":"type-product","3":"status-publish","4":"has-post-thumbnail","6":"product_cat-instrumente","7":"product_tag-cessna","8":"product_tag-cht","9":"product_tag-continental","10":"product_tag-g5","11":"product_tag-garmin","12":"product_tag-insight","13":"product_tag-instrumentenbrett","14":"product_tag-lycomming","16":"first","17":"instock","18":"taxable","19":"shipping-taxable","20":"purchasable","21":"product-type-variable"},"bundled_by":[],"bundle_stock_status":"instock","bundle_stock_quantity":20,"bundle_virtual":false,"bundle_layout":"","bundle_add_to_cart_form_location":"","bundle_editable_in_cart":false,"bundle_sold_individually_context":"","bundle_item_grouping":"","bundle_min_size":"","bundle_max_size":"","bundle_price":[],"bundled_items":[],"bundle_sell_ids":[],"jetpack_sharing_enabled":true,"_links":{"self":[{"href":"https:\/\/www.aps-eb.de\/th\/wp-json\/wp\/v2\/product\/2350","targetHints":{"allow":["GET"]}}],"collection":[{"href":"https:\/\/www.aps-eb.de\/th\/wp-json\/wp\/v2\/product"}],"about":[{"href":"https:\/\/www.aps-eb.de\/th\/wp-json\/wp\/v2\/types\/product"}],"replies":[{"embeddable":true,"href":"https:\/\/www.aps-eb.de\/th\/wp-json\/wp\/v2\/comments?post=2350"}],"wp:featuredmedia":[{"embeddable":true,"href":"https:\/\/www.aps-eb.de\/th\/wp-json\/wp\/v2\/media\/2357"}],"wp:attachment":[{"href":"https:\/\/www.aps-eb.de\/th\/wp-json\/wp\/v2\/media?parent=2350"}],"wp:term":[{"taxonomy":"product_brand","embeddable":true,"href":"https:\/\/www.aps-eb.de\/th\/wp-json\/wp\/v2\/product_brand?post=2350"},{"taxonomy":"product_cat","embeddable":true,"href":"https:\/\/www.aps-eb.de\/th\/wp-json\/wp\/v2\/product_cat?post=2350"},{"taxonomy":"product_tag","embeddable":true,"href":"https:\/\/www.aps-eb.de\/th\/wp-json\/wp\/v2\/product_tag?post=2350"}],"curies":[{"name":"wp","href":"https:\/\/api.w.org\/{rel}","templated":true}]}}