{"id":2474,"date":"2025-07-25T09:33:37","date_gmt":"2025-07-25T09:33:37","guid":{"rendered":"https:\/\/aps-eb.de\/?post_type=product&#038;p=2474"},"modified":"2026-04-15T09:25:23","modified_gmt":"2026-04-15T09:25:23","slug":"reifen-5-00-5-6ply-aero-trainer","status":"publish","type":"product","link":"https:\/\/www.aps-eb.de\/th\/categorie\/reifen-5-00-5-6ply-aero-trainer\/","title":{"rendered":"Reifen 5.00-5 &#8211; 6PLY &#8211; Aero Trainer"},"content":{"rendered":"<h3>Reifen 5.00-5 &#8211; 6PLY &#8211; Aero Trainer<\/h3>\n<p>Der Aero Trainer\u00ae eignet sich auch hervorragend f\u00fcr zahlreiche Flugzeuge.<\/p>\n<p>Entwickelt f\u00fcr Flugschulen mit einmotorigen Trainern. Warum ein Risiko mit einem Recap eingehen? Wenn Sie zu einem g\u00fcnstigen Preis die hohe Qualit\u00e4t und Langlebigkeit eines neuen Aero Trainer\u00ae von Specialty Tires of America erhalten k\u00f6nnen!<\/p>\n<p>incl. certificate of conformance<\/p>","protected":false},"excerpt":{"rendered":"<h3>Reifen 5.00-5 &#8211; 6PLY &#8211; Aero Trainer<\/h3>\n<p>Der Aero Trainer\u00ae eignet sich auch hervorragend f\u00fcr zahlreiche Flugzeuge.<\/p>\n<p>Entwickelt f\u00fcr Flugschulen mit einmotorigen Trainern. Warum ein Risiko mit einem Recap eingehen? Wenn Sie zu einem g\u00fcnstigen Preis die hohe Qualit\u00e4t und Langlebigkeit eines neuen Aero Trainer\u00ae von Specialty Tires of America erhalten k\u00f6nnen!<\/p>\n<p>incl. certificate of conformance<\/p>","protected":false},"featured_media":2475,"comment_status":"open","ping_status":"closed","template":"","meta":{"_rtcl_gb_attr":"","ngg_post_thumbnail":0},"product_brand":[],"product_cat":[26],"product_tag":[172,223,219,224,222,35],"class_list":{"0":"post-2474","1":"product","2":"type-product","3":"status-publish","4":"has-post-thumbnail","6":"product_cat-reifen","7":"product_tag-5-00-5","8":"product_tag-500-5","9":"product_tag-aero-classic","10":"product_tag-aero-trainer","11":"product_tag-flugzeugreifen","12":"product_tag-reifen","14":"first","15":"instock","16":"taxable","17":"shipping-taxable","18":"purchasable","19":"product-type-simple"},"bundled_by":[],"bundle_stock_status":"instock","bundle_stock_quantity":null,"bundle_virtual":false,"bundle_layout":"","bundle_add_to_cart_form_location":"","bundle_editable_in_cart":false,"bundle_sold_individually_context":"","bundle_item_grouping":"","bundle_min_size":"","bundle_max_size":"","bundle_price":[],"bundled_items":[],"bundle_sell_ids":[],"jetpack_sharing_enabled":true,"_links":{"self":[{"href":"https:\/\/www.aps-eb.de\/th\/wp-json\/wp\/v2\/product\/2474","targetHints":{"allow":["GET"]}}],"collection":[{"href":"https:\/\/www.aps-eb.de\/th\/wp-json\/wp\/v2\/product"}],"about":[{"href":"https:\/\/www.aps-eb.de\/th\/wp-json\/wp\/v2\/types\/product"}],"replies":[{"embeddable":true,"href":"https:\/\/www.aps-eb.de\/th\/wp-json\/wp\/v2\/comments?post=2474"}],"wp:featuredmedia":[{"embeddable":true,"href":"https:\/\/www.aps-eb.de\/th\/wp-json\/wp\/v2\/media\/2475"}],"wp:attachment":[{"href":"https:\/\/www.aps-eb.de\/th\/wp-json\/wp\/v2\/media?parent=2474"}],"wp:term":[{"taxonomy":"product_brand","embeddable":true,"href":"https:\/\/www.aps-eb.de\/th\/wp-json\/wp\/v2\/product_brand?post=2474"},{"taxonomy":"product_cat","embeddable":true,"href":"https:\/\/www.aps-eb.de\/th\/wp-json\/wp\/v2\/product_cat?post=2474"},{"taxonomy":"product_tag","embeddable":true,"href":"https:\/\/www.aps-eb.de\/th\/wp-json\/wp\/v2\/product_tag?post=2474"}],"curies":[{"name":"wp","href":"https:\/\/api.w.org\/{rel}","templated":true}]}}