{"id":3463,"date":"2025-10-31T14:31:49","date_gmt":"2025-10-31T14:31:49","guid":{"rendered":"https:\/\/aps-eb.de\/?post_type=product&#038;p=3463"},"modified":"2026-05-15T22:15:25","modified_gmt":"2026-05-15T22:15:25","slug":"engine-baffle-kit-c172p-lycoming-o-320-d2j-kopie","status":"publish","type":"product","link":"https:\/\/www.aps-eb.de\/th\/categorie\/engine-baffle-kit-c172p-lycoming-o-320-d2j-kopie\/","title":{"rendered":"Engine Baffle Kit &#8211; C172M &#8211; Lycoming O-320-E2D &#8211; 74-76 PCBK"},"content":{"rendered":"<h1>Engine Baffle Kit &#8211; C172M &#8211; Lycoming O-320-E2D<\/h1>\n<p>Standarddichtungen schwarz, pulverbeschichtetes Aluminium &#8211; PCBK<\/p>\n<ul>\n<li>\n<table id=\"eligibility-records-tab-content\" class=\"relative w-full border-separate border-spacing-y-3\" style=\"width: 1005px;\">\n<thead>\n<tr>\n<th class=\"sticky top-0 px-3 py-3 font-semibold text-black text-left text-left bg-surface-secondary\" style=\"width: 53px;\">Make<\/th>\n<th class=\"sticky top-0 px-3 py-3 font-semibold text-black text-left text-left bg-surface-secondary\" style=\"width: 55px;\">Series<\/th>\n<th class=\"sticky top-0 px-3 py-3 font-semibold text-black text-left text-left bg-surface-secondary\" style=\"width: 56px;\">Model<\/th>\n<th class=\"sticky top-0 px-3 py-3 font-semibold text-black text-left text-left bg-surface-secondary\" style=\"width: 81px;\">Start S\/N<\/th>\n<th class=\"sticky top-0 px-3 py-3 font-semibold text-black text-left text-left bg-surface-secondary\" style=\"width: 81px;\">End S\/N<\/th>\n<th class=\"sticky top-0 px-3 py-3 font-semibold text-black text-left text-left bg-surface-secondary\" style=\"width: 544px;\">Comment<\/th>\n<th class=\"sticky top-0 px-3 py-3 font-semibold text-black text-left text-left bg-surface-secondary\" style=\"width: 135px;\">Eligibility Chart<\/th>\n<\/tr>\n<\/thead>\n<tbody class=\"divide-y bg-surface-secondary\">\n<tr>\n<td class=\"px-3 py-2 bg-white\" style=\"width: 53px;\">Cessna<\/td>\n<td class=\"px-3 py-2 bg-white\" style=\"width: 55px;\">172<\/td>\n<td class=\"px-3 py-2 bg-white\" style=\"width: 56px;\">172M<\/td>\n<td class=\"px-3 py-2 bg-white\" style=\"width: 81px;\">17261899<\/td>\n<td class=\"px-3 py-2 bg-white\" style=\"width: 81px;\">17263458<\/td>\n<td class=\"px-3 py-2 bg-white\" style=\"width: 544px;\">When equipped with Lycoming O-320-E2D. Powder Coated with Black Seals<\/td>\n<td class=\"px-3 py-2 bg-white\" style=\"width: 135px;\">6629<\/td>\n<\/tr>\n<tr>\n<td class=\"px-3 py-2 bg-white\" style=\"width: 53px;\">Cessna<\/td>\n<td class=\"px-3 py-2 bg-white\" style=\"width: 55px;\">172<\/td>\n<td class=\"px-3 py-2 bg-white\" style=\"width: 56px;\">172M<\/td>\n<td class=\"px-3 py-2 bg-white\" style=\"width: 81px;\">17263459<\/td>\n<td class=\"px-3 py-2 bg-white\" style=\"width: 81px;\">17267584<\/td>\n<td class=\"px-3 py-2 bg-white\" style=\"width: 544px;\">When equipped with Lycoming O-320-E2D. Powder Coated with Black Seals<\/td>\n<td class=\"px-3 py-2 bg-white\" style=\"width: 135px;\">6629<\/td>\n<\/tr>\n<tr>\n<td class=\"px-3 py-2 bg-white\" style=\"width: 53px;\">Cessna<\/td>\n<td class=\"px-3 py-2 bg-white\" style=\"width: 55px;\">172<\/td>\n<td class=\"px-3 py-2 bg-white\" style=\"width: 56px;\">F172M<\/td>\n<td class=\"px-3 py-2 bg-white\" style=\"width: 81px;\">F17201035<\/td>\n<td class=\"px-3 py-2 bg-white\" style=\"width: 81px;\">F17201234<\/td>\n<td class=\"px-3 py-2 bg-white\" style=\"width: 544px;\">When equipped with Lycoming O-320-E2D. Powder Coated with Black Seals<\/td>\n<td class=\"px-3 py-2 bg-white\" style=\"width: 135px;\">6629<\/td>\n<\/tr>\n<\/tbody>\n<\/table>\n<\/li>\n<\/ul>\n<p>einzelne Komponenten dieses Sets auf Anfrage.<\/p>\n<h4>Produktdetails<\/h4>\n<p>*Abbildung zeigt unbeschichtete Leitbleche. Kits sind auch mit Pulverbeschichtung erh\u00e4ltlich. Standard- und Premium-Dichtungsoptionen verf\u00fcgbar.<\/p>\n<p>Komplette Motorleitblech-Kits mit Cowl Saver\u2122<br \/>\nHalten Sie Ihren Motor k\u00fchl und sch\u00fctzen Sie Ihre Motorhaube!<\/p>\n<p>Das Cowl Saver\u2122-Dichtungsmaterial von McFarlane ist jetzt in Airforms-Leitblech-Kits vorinstalliert erh\u00e4ltlich. Cowl Saver\u2122 reduziert Vibrationen im Flugzeugrumpf und verhindert Risse in Motorhaube und Brandschottwand. Herk\u00f6mmliche Silikonkautschuk-Dichtungen f\u00fcr Leitbleche weisen einen der h\u00f6chsten Reibungskoeffizienten aller bekannten Materialien auf. Diese Reibung \u00fcbertr\u00e4gt Motorvibrationen auf Motorhaube und Brandschottwand und verursacht so Verschlei\u00df, Materialerm\u00fcdung, Risse, Scheuern und Vibrationen im Flugzeugrumpf. Cowl Saver\u2122 wurde speziell f\u00fcr geringe Reibung entwickelt \u2013 das spart Ihnen Geld! Und Sie werden den Unterschied bei den Vibrationen sp\u00fcren.<\/p>\n<p>Das Cowl Saver\u2122-Dichtungsmaterial bietet 30-mal weniger Reibung! Reibungsarme Leitbleche sparen Ihnen Geld!<\/p>\n<p>Reduziert die \u00dcbertragung von Vibrationen auf die Triebwerksverkleidung und die Flugzeugzelle.<br \/>\nVerhindert Erosion der Verkleidung.<br \/>\nVerl\u00e4ngert die Lebensdauer der Dichtungen.<br \/>\nReduziert teure Reparaturen an Verkleidung und Befestigungselementen.<br \/>\nVerringert Materialerm\u00fcdung und Rissbildung an Dichtungen, Verkleidungsblechen und Brandschottwand.<br \/>\nDie Montage der Verkleidung wird dadurch sogar erleichtert!<br \/>\nF\u00fcr weitere Informationen zum McFarlane Cowl Saver\u2122 Dichtungsmaterial klicken Sie hier.<\/p>\n<p>Die Motorleitbleche von Airforms sind FAA-PMA-zugelassen f\u00fcr Cessna, Piper, Beechcraft, Mooney und Grumman.<\/p>\n<p>6061-T6 Aluminium, erh\u00e4ltlich in blankem Aluminium oder mit grauer Pulverbeschichtung.<\/p>\n<p>Cowl Saver\u2122-Dichtungsmaterial ist vorinstalliert.<br \/>\nEinzeln austauschbar mit den werkseitigen Leitblechen.<br \/>\nEdelstahlhalterungen bei Bedarf.<br \/>\nHartnietkonstruktion.<br \/>\n1\/2&#8243;-R\u00fcckplatten zur Befestigung der Dichtungen.<br \/>\nVerbesserte Passform.<br \/>\nHinweise:<\/p>\n<p>Bei der Installation von Zubeh\u00f6rteilen (Anlasser, Lichtmaschine, Auspuff, Motorumbau etc.) ist der Monteur f\u00fcr die Anpassung der Leitbleche verantwortlich.<br \/>\nBefestigungsmaterial (Muttern, Schrauben, Bolzen, Tinnerman-Klammern etc.) ist nicht im Lieferumfang enthalten.<\/p>\n<h4>Dichtungsmaterial: Verwenden Sie den Kit-Suffix:<\/h4>\n<p>Premium-Cowl-Saver-Dichtungen, blankes Aluminium &#8211; BRCS<br \/>\nStandarddichtungen schwarz, blankes Aluminium &#8211; BRBK<br \/>\nStandarddichtungen blau, blankes Aluminium &#8211; BRBL<br \/>\nStandarddichtungen orange, blankes Aluminium &#8211; BROR<br \/>\nPremium-Cowl-Saver-Dichtungen, pulverbeschichtetes Aluminium &#8211; PCCS<br \/>\nStandarddichtungen schwarz, pulverbeschichtetes Aluminium &#8211; PCBK<br \/>\nStandarddichtungen blau, pulverbeschichtetes Aluminium &#8211; PCBL<br \/>\nStandarddichtungen orange, pulverbeschichtetes Aluminium &#8211; PCOR<\/p>","protected":false},"excerpt":{"rendered":"<h4>Engine Baffle Kit &#8211; C172M &#8211; Lycoming O-320-E2D<\/h4>","protected":false},"featured_media":3465,"comment_status":"open","ping_status":"closed","template":"","meta":{"_rtcl_gb_attr":"","ngg_post_thumbnail":0},"product_brand":[],"product_cat":[415],"product_tag":[416,417,418,77,70],"class_list":{"0":"post-3463","1":"product","2":"type-product","3":"status-publish","4":"has-post-thumbnail","6":"product_cat-engine_baffles","7":"product_tag-baffle","8":"product_tag-baffles","9":"product_tag-c172","10":"product_tag-cessna","11":"product_tag-lycomming","13":"first","14":"instock","15":"sale","16":"taxable","17":"shipping-taxable","18":"purchasable","19":"product-type-simple"},"bundled_by":[],"bundle_stock_status":"instock","bundle_stock_quantity":2,"bundle_virtual":false,"bundle_layout":"","bundle_add_to_cart_form_location":"","bundle_editable_in_cart":false,"bundle_sold_individually_context":"","bundle_item_grouping":"","bundle_min_size":"","bundle_max_size":"","bundle_price":[],"bundled_items":[],"bundle_sell_ids":[],"jetpack_sharing_enabled":true,"_links":{"self":[{"href":"https:\/\/www.aps-eb.de\/th\/wp-json\/wp\/v2\/product\/3463","targetHints":{"allow":["GET"]}}],"collection":[{"href":"https:\/\/www.aps-eb.de\/th\/wp-json\/wp\/v2\/product"}],"about":[{"href":"https:\/\/www.aps-eb.de\/th\/wp-json\/wp\/v2\/types\/product"}],"replies":[{"embeddable":true,"href":"https:\/\/www.aps-eb.de\/th\/wp-json\/wp\/v2\/comments?post=3463"}],"wp:featuredmedia":[{"embeddable":true,"href":"https:\/\/www.aps-eb.de\/th\/wp-json\/wp\/v2\/media\/3465"}],"wp:attachment":[{"href":"https:\/\/www.aps-eb.de\/th\/wp-json\/wp\/v2\/media?parent=3463"}],"wp:term":[{"taxonomy":"product_brand","embeddable":true,"href":"https:\/\/www.aps-eb.de\/th\/wp-json\/wp\/v2\/product_brand?post=3463"},{"taxonomy":"product_cat","embeddable":true,"href":"https:\/\/www.aps-eb.de\/th\/wp-json\/wp\/v2\/product_cat?post=3463"},{"taxonomy":"product_tag","embeddable":true,"href":"https:\/\/www.aps-eb.de\/th\/wp-json\/wp\/v2\/product_tag?post=3463"}],"curies":[{"name":"wp","href":"https:\/\/api.w.org\/{rel}","templated":true}]}}