{"id":3468,"date":"2025-11-01T14:11:11","date_gmt":"2025-11-01T14:11:11","guid":{"rendered":"https:\/\/aps-eb.de\/?post_type=product&#038;p=3468"},"modified":"2026-01-01T19:26:31","modified_gmt":"2026-01-01T19:26:31","slug":"holzfaellerjacke-jacke-sherpa","status":"publish","type":"product","link":"https:\/\/www.aps-eb.de\/th\/categorie\/holzfaellerjacke-jacke-sherpa\/","title":{"rendered":"Holzf\u00e4llerjacke Jacke Sherpa"},"content":{"rendered":"<h1>Holzf\u00e4llerjacke Jacke Sherpa<\/h1>\n<p><big>Bequeme und trendige Lumberjack-Jacke mit warmem Sherpa-Futter. Perfekt f\u00fcr die k\u00e4lteren Tage im Fr\u00fchjahr\/Herbst oder f\u00fcr die Wintersaison.<\/big><\/p>\n<p>Konzipiert f\u00fcr den Freizeitgebrauch und Outdoor-Aktivit\u00e4ten wie Trekking\/Bushcraft, aber durch die verst\u00e4rkten Cordura\u00ae-Nylon-Schultern auch hervorragend als Arbeitsjacke geeignet. Das Sherpa-Material auf der Innenseite der Jacke ist weich und bietet hohen Tragekomfort. Au\u00dferdem verf\u00fcgt sie \u00fcber einen hochwertigen YKK\u00ae-Rei\u00dfverschluss und mehrere Taschen zum Verstauen von Gegenst\u00e4nden.<\/p>\n<p><strong>Eigenschaften:<\/strong><\/p>\n<ul>\n<li style=\"list-style-type: none;\">\n<ul>\n<li><big>Warmes Sherpa-Futter<\/big><\/li>\n<li><big>YKK\u00ae-Rei\u00dfverschluss<\/big><\/li>\n<li><big>Schulterverst\u00e4rkung aus Cordura\u00ae-Nylon<\/big><\/li>\n<li><big>Schlaufe f\u00fcr die Sonnenbrille<\/big><\/li>\n<li><big>Zwei Seitentaschen mit Rei\u00dfverschluss<\/big><\/li>\n<li><big>Zwei Pattentaschen mit Druckknopf auf der Brust<\/big><\/li>\n<li><big>Zwei Innentaschen mit Druckknopf (Smartphone-Gr\u00f6\u00dfe)<\/big><\/li>\n<li><big>Fostex-Emblem am \u00c4rmel aus Leder<\/big><\/li>\n<li><big>Manschetten mit Druckknopf<\/big><\/li>\n<li><big>Klassischer Holzf\u00e4ller-Look<\/big><\/li>\n<\/ul>\n<\/li>\n<\/ul>\n<div id=\"heading_10\" class=\"panel-heading\" role=\"tab\">&nbsp;<\/div>\n<div id=\"collapse_10\" class=\"panel-collapse collapse show\" role=\"tabpanel\" aria-labelledby=\"heading_10\">\n<div class=\"info-block full-width\">\n<div class=\"info-block--item\">\n<div>Obermaterial 100% Baumwolle \/ Innenfutter 100% Polyester<\/div>\n<\/div>\n<div class=\"info-block--item\">\n<div>Waschanleitung<\/div>\n<div><img decoding=\"async\" title=\"Trockner nicht erlaubt\" src=\"https:\/\/www.vanosimports.com\/images\/drying_3.png\" alt=\"Trockner nicht erlaubt\" width=\"40\"><img decoding=\"async\" title=\"B\u00fcgeln maximal 110 Grad\" src=\"https:\/\/www.vanosimports.com\/images\/ironing_1.png\" alt=\"B\u00fcgeln maximal 110 Grad\" width=\"40\"><img decoding=\"async\" title=\"Bleichen nicht erlaubt\" src=\"https:\/\/www.vanosimports.com\/images\/bleach_2.png\" alt=\"Bleichen nicht erlaubt\" width=\"40\"><img decoding=\"async\" title=\"Nicht chemisch reinigen\" src=\"https:\/\/www.vanosimports.com\/images\/professional_cleaning_3.png\" alt=\"Nicht chemisch reinigen\" width=\"40\"><img decoding=\"async\" title=\"Maximal 30 Grad\" src=\"https:\/\/www.vanosimports.com\/images\/washing_1.png\" alt=\"Maximal 30 Grad\" width=\"40\"><\/div>\n<\/div>\n<\/div>\n<\/div>","protected":false},"excerpt":{"rendered":"<h1>Holzf\u00e4llerjacke Jacke Sherpa<\/h1>","protected":false},"featured_media":3517,"comment_status":"open","ping_status":"closed","template":"","meta":{"_rtcl_gb_attr":"","ngg_post_thumbnail":0},"product_brand":[],"product_cat":[329],"product_tag":[336,422,421,423,85],"class_list":{"0":"post-3468","1":"product","2":"type-product","3":"status-publish","4":"has-post-thumbnail","6":"product_cat-jacken","7":"product_tag-fostex-garments","8":"product_tag-holzfaeller","9":"product_tag-holzfaellerjacke","10":"product_tag-outdoor","11":"product_tag-us-army","12":"pa_farbe-olive-schwarz","13":"pa_farbe-rot-schwarz","15":"first","16":"instock","17":"taxable","18":"shipping-taxable","19":"purchasable","20":"product-type-variable","21":"has-default-attributes"},"bundled_by":[],"bundle_stock_status":"instock","bundle_stock_quantity":10,"bundle_virtual":false,"bundle_layout":"","bundle_add_to_cart_form_location":"","bundle_editable_in_cart":false,"bundle_sold_individually_context":"","bundle_item_grouping":"","bundle_min_size":"","bundle_max_size":"","bundle_price":[],"bundled_items":[],"bundle_sell_ids":[],"jetpack_sharing_enabled":true,"_links":{"self":[{"href":"https:\/\/www.aps-eb.de\/th\/wp-json\/wp\/v2\/product\/3468","targetHints":{"allow":["GET"]}}],"collection":[{"href":"https:\/\/www.aps-eb.de\/th\/wp-json\/wp\/v2\/product"}],"about":[{"href":"https:\/\/www.aps-eb.de\/th\/wp-json\/wp\/v2\/types\/product"}],"replies":[{"embeddable":true,"href":"https:\/\/www.aps-eb.de\/th\/wp-json\/wp\/v2\/comments?post=3468"}],"wp:featuredmedia":[{"embeddable":true,"href":"https:\/\/www.aps-eb.de\/th\/wp-json\/wp\/v2\/media\/3517"}],"wp:attachment":[{"href":"https:\/\/www.aps-eb.de\/th\/wp-json\/wp\/v2\/media?parent=3468"}],"wp:term":[{"taxonomy":"product_brand","embeddable":true,"href":"https:\/\/www.aps-eb.de\/th\/wp-json\/wp\/v2\/product_brand?post=3468"},{"taxonomy":"product_cat","embeddable":true,"href":"https:\/\/www.aps-eb.de\/th\/wp-json\/wp\/v2\/product_cat?post=3468"},{"taxonomy":"product_tag","embeddable":true,"href":"https:\/\/www.aps-eb.de\/th\/wp-json\/wp\/v2\/product_tag?post=3468"}],"curies":[{"name":"wp","href":"https:\/\/api.w.org\/{rel}","templated":true}]}}