{"id":7009,"date":"2025-11-28T12:57:20","date_gmt":"2025-11-28T12:57:20","guid":{"rendered":"https:\/\/www.aps-eb.de\/?post_type=product&#038;p=7009"},"modified":"2025-12-08T15:43:21","modified_gmt":"2025-12-08T15:43:21","slug":"beringer-wheel-rad-ra-005-6-00-6","status":"publish","type":"product","link":"https:\/\/www.aps-eb.de\/th\/categorie\/beringer-wheel-rad-ra-005-6-00-6\/","title":{"rendered":"Beringer Wheel &#8211; Rad RA-005 &#8211; 6.00-6&#8243;"},"content":{"rendered":"<h2>Beringer Wheel &#8211; Rad RA-005 &#8211; 6.00-6&#8243;<\/h2>\n<div id=\"tw-container\" class=\"nev7se\" data-cp=\"1\" data-nnttsvi=\"1\" data-sletp=\"false\" data-sm=\"1\" data-ssbp=\"false\" data-sugg-time=\"500\" data-sugg-url=\"https:\/\/clients1.google.com\/complete\/search\" data-uilc=\"de\" data-vil=\",af,af-ZA,am,am-ET,ar-EG,ar-AE,ar-KW,ar-QA,ar,ar-IL,ar-JO,ar-LB,ar-PS,az,az-AZ,bg,bg-BG,bn,bn-BD,bn-IN,ca,ca-es,cs,cs-CZ,de,de-DE,de-CH,de-AT,de-LI,en,en-US,en-CA,en-AU,en-NZ,en-GB,en-IN,en-KE,en-TZ,en-NG,en-GH,en-PH,en-ZA,es,es-ES,es-AR,es-UY,es-419,es-BO,es-CL,es-CR,es-CO,es-DO,es-EC,es-GT,es-HN,es-NI,es-PA,es-PE,es-PR,es-PY,es-SV,es-VE,es-MX,es-US,eu,eu-ES,fi,fi-FI,fr,fr-FR,fr-CH,fr-BE,gl,gl-ES,gu,gu-IN,he,he-IL,iw,iw-IL,hu,hu-HU,hy,hy-AM,id,id-ID,is,is-IS,it,it-IT,it-CH,ja,ja-JP,jv,jv-ID,ka,ka-GE,km,km-KH,kn,kn-IN,ko,ko-KR,la,lo,lo-LA,lv,lv-LV,ml,ml-IN,mr,mr-IN,ms,ms-MY,nl,nl-NL,nb,nb-NO,ne,ne-NP,pl,pl-PL,pt,pt-BR,pt-PT,ro,ro-RO,ru,ru-RU,si-LK,sk,sk-SK,sr,sr-RS,su,su-ID,sv,sv-SE,sw,sw-TZ,sw-KE,ta,ta-IN,ta-SG,ta-LK,ta-MY,te,te-IN,tr,tr-TR,ur,ur-PK,ur-IN,yue,yue-HK,yue-Hant-HK,zh-HK,zh,zh-CN,zh-cmn,zh-cmn-CN,zh-Hans,zh-Hans-CN,zh-cmn-Hans,zh-cmn-Hans-CN,cmn-CN,cmn-Hans,cmn-Hans-CN,zh-TW,zh-Hant-TW,cmn-TW,cmn-Hant-TW,zh-cmn-TW,zh-cmn-Hant-TW,zu,zu-ZA,hi,hi-IN,tl,tl-PH,pa,pa-IN\">\n<div id=\"tw-ob\" class=\"tw-src-ltr\">\n<div class=\"oSioSc\">\n<div id=\"tw-target\">\n<div id=\"kAz1tf\" class=\"g9WsWb PZPZlf\" data-attrid=\"tw-targetArea\" data-entityname=\"Google Translate\">\n<div id=\"tw-target-text-container\" class=\"tw-ta-container tw-nfl\" tabindex=\"0\" role=\"text\">\n<h5 id=\"tw-target-text\" class=\"tw-data-text tw-text-large tw-ta\" dir=\"ltr\" tabindex=\"-1\" role=\"text\" data-placeholder=\"\u00dcbersetzung\" data-ved=\"2ahUKEwjcocms47yQAxW92wIHHfGDA4QQ3ewLegQICxAV\" aria-label=\"\u00dcbersetzter Text: Allgemeine technische Daten: Rad in zwei H\u00e4lften Aus hochfestem Aluminium, aus dem Vollen gefr\u00e4st Schwefelanodisierung Schlauchlos f\u00fcr mehr Sicherheit (O-Ring und starres Ventil) Wasserdichte Lager \u2192 kein Umpacken erforderlich (Edelstahl optional erh\u00e4ltlich) Patentierte Bremss\u00e4ttel, Aerotec mit Edelstahlkolben Sintermetall-Bremsbel\u00e4ge, auf einer Tr\u00e4gerplatte befestigt Schwimmend gelagerte Bremsscheibe Stahl- oder Aluminiumachsen Schlauchlosreifen Edelstahllager optional\"><span class=\"Y2IQFc\" lang=\"de\">Allgemeine technische Daten:<\/span><\/h5>\n<ul>\n<li class=\"tw-data-text tw-text-large tw-ta\" dir=\"ltr\" tabindex=\"-1\" role=\"text\" data-placeholder=\"\u00dcbersetzung\" data-ved=\"2ahUKEwjcocms47yQAxW92wIHHfGDA4QQ3ewLegQICxAV\" aria-label=\"\u00dcbersetzter Text: Allgemeine technische Daten: Rad in zwei H\u00e4lften Aus hochfestem Aluminium, aus dem Vollen gefr\u00e4st Schwefelanodisierung Schlauchlos f\u00fcr mehr Sicherheit (O-Ring und starres Ventil) Wasserdichte Lager \u2192 kein Umpacken erforderlich (Edelstahl optional erh\u00e4ltlich) Patentierte Bremss\u00e4ttel, Aerotec mit Edelstahlkolben Sintermetall-Bremsbel\u00e4ge, auf einer Tr\u00e4gerplatte befestigt Schwimmend gelagerte Bremsscheibe Stahl- oder Aluminiumachsen Schlauchlosreifen Edelstahllager optional\"><span class=\"Y2IQFc\" lang=\"de\">Rad in zwei H\u00e4lften <\/span><\/li>\n<li class=\"tw-data-text tw-text-large tw-ta\" dir=\"ltr\" tabindex=\"-1\" role=\"text\" data-placeholder=\"\u00dcbersetzung\" data-ved=\"2ahUKEwjcocms47yQAxW92wIHHfGDA4QQ3ewLegQICxAV\" aria-label=\"\u00dcbersetzter Text: Allgemeine technische Daten: Rad in zwei H\u00e4lften Aus hochfestem Aluminium, aus dem Vollen gefr\u00e4st Schwefelanodisierung Schlauchlos f\u00fcr mehr Sicherheit (O-Ring und starres Ventil) Wasserdichte Lager \u2192 kein Umpacken erforderlich (Edelstahl optional erh\u00e4ltlich) Patentierte Bremss\u00e4ttel, Aerotec mit Edelstahlkolben Sintermetall-Bremsbel\u00e4ge, auf einer Tr\u00e4gerplatte befestigt Schwimmend gelagerte Bremsscheibe Stahl- oder Aluminiumachsen Schlauchlosreifen Edelstahllager optional\"><span class=\"Y2IQFc\" lang=\"de\">Aus hochfestem Aluminium, aus dem Vollen gefr\u00e4st<\/span><\/li>\n<li class=\"tw-data-text tw-text-large tw-ta\" dir=\"ltr\" tabindex=\"-1\" role=\"text\" data-placeholder=\"\u00dcbersetzung\" data-ved=\"2ahUKEwjcocms47yQAxW92wIHHfGDA4QQ3ewLegQICxAV\" aria-label=\"\u00dcbersetzter Text: Allgemeine technische Daten: Rad in zwei H\u00e4lften Aus hochfestem Aluminium, aus dem Vollen gefr\u00e4st Schwefelanodisierung Schlauchlos f\u00fcr mehr Sicherheit (O-Ring und starres Ventil) Wasserdichte Lager \u2192 kein Umpacken erforderlich (Edelstahl optional erh\u00e4ltlich) Patentierte Bremss\u00e4ttel, Aerotec mit Edelstahlkolben Sintermetall-Bremsbel\u00e4ge, auf einer Tr\u00e4gerplatte befestigt Schwimmend gelagerte Bremsscheibe Stahl- oder Aluminiumachsen Schlauchlosreifen Edelstahllager optional\"><span class=\"Y2IQFc\" lang=\"de\">Schwefelanodisiert<\/span><\/li>\n<li class=\"tw-data-text tw-text-large tw-ta\" dir=\"ltr\" tabindex=\"-1\" role=\"text\" data-placeholder=\"\u00dcbersetzung\" data-ved=\"2ahUKEwjcocms47yQAxW92wIHHfGDA4QQ3ewLegQICxAV\" aria-label=\"\u00dcbersetzter Text: Allgemeine technische Daten: Rad in zwei H\u00e4lften Aus hochfestem Aluminium, aus dem Vollen gefr\u00e4st Schwefelanodisierung Schlauchlos f\u00fcr mehr Sicherheit (O-Ring und starres Ventil) Wasserdichte Lager \u2192 kein Umpacken erforderlich (Edelstahl optional erh\u00e4ltlich) Patentierte Bremss\u00e4ttel, Aerotec mit Edelstahlkolben Sintermetall-Bremsbel\u00e4ge, auf einer Tr\u00e4gerplatte befestigt Schwimmend gelagerte Bremsscheibe Stahl- oder Aluminiumachsen Schlauchlosreifen Edelstahllager optional\"><span class=\"Y2IQFc\" lang=\"de\">Schlauchlos f\u00fcr mehr Sicherheit (O-Ring und starres Ventil)<\/span><\/li>\n<li class=\"tw-data-text tw-text-large tw-ta\" dir=\"ltr\" tabindex=\"-1\" role=\"text\" data-placeholder=\"\u00dcbersetzung\" data-ved=\"2ahUKEwjcocms47yQAxW92wIHHfGDA4QQ3ewLegQICxAV\" aria-label=\"\u00dcbersetzter Text: Allgemeine technische Daten: Rad in zwei H\u00e4lften Aus hochfestem Aluminium, aus dem Vollen gefr\u00e4st Schwefelanodisierung Schlauchlos f\u00fcr mehr Sicherheit (O-Ring und starres Ventil) Wasserdichte Lager \u2192 kein Umpacken erforderlich (Edelstahl optional erh\u00e4ltlich) Patentierte Bremss\u00e4ttel, Aerotec mit Edelstahlkolben Sintermetall-Bremsbel\u00e4ge, auf einer Tr\u00e4gerplatte befestigt Schwimmend gelagerte Bremsscheibe Stahl- oder Aluminiumachsen Schlauchlosreifen Edelstahllager optional\"><span class=\"Y2IQFc\" lang=\"de\">Wasserdichte Lager \u2192 kein Umpacken erforderlich (Edelstahl optional erh\u00e4ltlich)<\/span><\/li>\n<li class=\"tw-data-text tw-text-large tw-ta\" dir=\"ltr\" tabindex=\"-1\" role=\"text\" data-placeholder=\"\u00dcbersetzung\" data-ved=\"2ahUKEwjcocms47yQAxW92wIHHfGDA4QQ3ewLegQICxAV\" aria-label=\"\u00dcbersetzter Text: Allgemeine technische Daten: Rad in zwei H\u00e4lften Aus hochfestem Aluminium, aus dem Vollen gefr\u00e4st Schwefelanodisierung Schlauchlos f\u00fcr mehr Sicherheit (O-Ring und starres Ventil) Wasserdichte Lager \u2192 kein Umpacken erforderlich (Edelstahl optional erh\u00e4ltlich) Patentierte Bremss\u00e4ttel, Aerotec mit Edelstahlkolben Sintermetall-Bremsbel\u00e4ge, auf einer Tr\u00e4gerplatte befestigt Schwimmend gelagerte Bremsscheibe Stahl- oder Aluminiumachsen Schlauchlosreifen Edelstahllager optional\"><span class=\"Y2IQFc\" lang=\"de\">Patentierte Bremss\u00e4ttel<\/span><\/li>\n<li class=\"tw-data-text tw-text-large tw-ta\" dir=\"ltr\" tabindex=\"-1\" role=\"text\" data-placeholder=\"\u00dcbersetzung\" data-ved=\"2ahUKEwjcocms47yQAxW92wIHHfGDA4QQ3ewLegQICxAV\" aria-label=\"\u00dcbersetzter Text: Allgemeine technische Daten: Rad in zwei H\u00e4lften Aus hochfestem Aluminium, aus dem Vollen gefr\u00e4st Schwefelanodisierung Schlauchlos f\u00fcr mehr Sicherheit (O-Ring und starres Ventil) Wasserdichte Lager \u2192 kein Umpacken erforderlich (Edelstahl optional erh\u00e4ltlich) Patentierte Bremss\u00e4ttel, Aerotec mit Edelstahlkolben Sintermetall-Bremsbel\u00e4ge, auf einer Tr\u00e4gerplatte befestigt Schwimmend gelagerte Bremsscheibe Stahl- oder Aluminiumachsen Schlauchlosreifen Edelstahllager optional\"><span class=\"Y2IQFc\" lang=\"de\">Aerotec mit Edelstahlkolben<\/span><\/li>\n<li class=\"tw-data-text tw-text-large tw-ta\" dir=\"ltr\" tabindex=\"-1\" role=\"text\" data-placeholder=\"\u00dcbersetzung\" data-ved=\"2ahUKEwjcocms47yQAxW92wIHHfGDA4QQ3ewLegQICxAV\" aria-label=\"\u00dcbersetzter Text: Allgemeine technische Daten: Rad in zwei H\u00e4lften Aus hochfestem Aluminium, aus dem Vollen gefr\u00e4st Schwefelanodisierung Schlauchlos f\u00fcr mehr Sicherheit (O-Ring und starres Ventil) Wasserdichte Lager \u2192 kein Umpacken erforderlich (Edelstahl optional erh\u00e4ltlich) Patentierte Bremss\u00e4ttel, Aerotec mit Edelstahlkolben Sintermetall-Bremsbel\u00e4ge, auf einer Tr\u00e4gerplatte befestigt Schwimmend gelagerte Bremsscheibe Stahl- oder Aluminiumachsen Schlauchlosreifen Edelstahllager optional\"><span class=\"Y2IQFc\" lang=\"de\">Sintermetall-Bremsbel\u00e4ge, auf einer Tr\u00e4gerplatte befestigt<\/span><\/li>\n<li class=\"tw-data-text tw-text-large tw-ta\" dir=\"ltr\" tabindex=\"-1\" role=\"text\" data-placeholder=\"\u00dcbersetzung\" data-ved=\"2ahUKEwjcocms47yQAxW92wIHHfGDA4QQ3ewLegQICxAV\" aria-label=\"\u00dcbersetzter Text: Allgemeine technische Daten: Rad in zwei H\u00e4lften Aus hochfestem Aluminium, aus dem Vollen gefr\u00e4st Schwefelanodisierung Schlauchlos f\u00fcr mehr Sicherheit (O-Ring und starres Ventil) Wasserdichte Lager \u2192 kein Umpacken erforderlich (Edelstahl optional erh\u00e4ltlich) Patentierte Bremss\u00e4ttel, Aerotec mit Edelstahlkolben Sintermetall-Bremsbel\u00e4ge, auf einer Tr\u00e4gerplatte befestigt Schwimmend gelagerte Bremsscheibe Stahl- oder Aluminiumachsen Schlauchlosreifen Edelstahllager optional\"><span class=\"Y2IQFc\" lang=\"de\">Schwimmend gelagerte Bremsscheibe<\/span><\/li>\n<li class=\"tw-data-text tw-text-large tw-ta\" dir=\"ltr\" tabindex=\"-1\" role=\"text\" data-placeholder=\"\u00dcbersetzung\" data-ved=\"2ahUKEwjcocms47yQAxW92wIHHfGDA4QQ3ewLegQICxAV\" aria-label=\"\u00dcbersetzter Text: Allgemeine technische Daten: Rad in zwei H\u00e4lften Aus hochfestem Aluminium, aus dem Vollen gefr\u00e4st Schwefelanodisierung Schlauchlos f\u00fcr mehr Sicherheit (O-Ring und starres Ventil) Wasserdichte Lager \u2192 kein Umpacken erforderlich (Edelstahl optional erh\u00e4ltlich) Patentierte Bremss\u00e4ttel, Aerotec mit Edelstahlkolben Sintermetall-Bremsbel\u00e4ge, auf einer Tr\u00e4gerplatte befestigt Schwimmend gelagerte Bremsscheibe Stahl- oder Aluminiumachsen Schlauchlosreifen Edelstahllager optional\"><span class=\"Y2IQFc\" lang=\"de\">Stahl- oder Aluminiumachsen<\/span><\/li>\n<li class=\"tw-data-text tw-text-large tw-ta\" dir=\"ltr\" tabindex=\"-1\" role=\"text\" data-placeholder=\"\u00dcbersetzung\" data-ved=\"2ahUKEwjcocms47yQAxW92wIHHfGDA4QQ3ewLegQICxAV\" aria-label=\"\u00dcbersetzter Text: Allgemeine technische Daten: Rad in zwei H\u00e4lften Aus hochfestem Aluminium, aus dem Vollen gefr\u00e4st Schwefelanodisierung Schlauchlos f\u00fcr mehr Sicherheit (O-Ring und starres Ventil) Wasserdichte Lager \u2192 kein Umpacken erforderlich (Edelstahl optional erh\u00e4ltlich) Patentierte Bremss\u00e4ttel, Aerotec mit Edelstahlkolben Sintermetall-Bremsbel\u00e4ge, auf einer Tr\u00e4gerplatte befestigt Schwimmend gelagerte Bremsscheibe Stahl- oder Aluminiumachsen Schlauchlosreifen Edelstahllager optional\"><span class=\"Y2IQFc\" lang=\"de\">Schlauchlosreifen<\/span><\/li>\n<li class=\"tw-data-text tw-text-large tw-ta\" dir=\"ltr\" tabindex=\"-1\" role=\"text\" data-placeholder=\"\u00dcbersetzung\" data-ved=\"2ahUKEwjcocms47yQAxW92wIHHfGDA4QQ3ewLegQICxAV\" aria-label=\"\u00dcbersetzter Text: Allgemeine technische Daten: Rad in zwei H\u00e4lften Aus hochfestem Aluminium, aus dem Vollen gefr\u00e4st Schwefelanodisierung Schlauchlos f\u00fcr mehr Sicherheit (O-Ring und starres Ventil) Wasserdichte Lager \u2192 kein Umpacken erforderlich (Edelstahl optional erh\u00e4ltlich) Patentierte Bremss\u00e4ttel, Aerotec mit Edelstahlkolben Sintermetall-Bremsbel\u00e4ge, auf einer Tr\u00e4gerplatte befestigt Schwimmend gelagerte Bremsscheibe Stahl- oder Aluminiumachsen Schlauchlosreifen Edelstahllager optional\"><span class=\"Y2IQFc\" lang=\"de\">Edelstahllager optional<\/span><\/li>\n<\/ul>\n<\/div>\n<\/div>\n<\/div>\n<div data-attrid=\"tw-targetArea\" data-entityname=\"Google Translate\">\n<table>\n<tbody>\n<tr>\n<td width=\"69\"><strong>Rad<\/strong><strong> P\/N<\/strong><\/td>\n<td width=\"51\"><strong>Dimension<\/strong><\/td>\n<td width=\"21\"><strong>\u00f8<\/strong><\/td>\n<td width=\"69\"><strong>Lager <\/strong><strong>(Achse)<\/strong><\/td>\n<td width=\"78\"><strong>Ruhende<\/strong><strong> Belastung lbs<\/strong><\/p>\n<p><strong>(Kg)<\/strong><\/td>\n<td width=\"111\"><strong>Hochgewichtbelastung<\/strong><strong> lbs (Kg)<\/strong><\/td>\n<td width=\"62\"><strong>Rad<\/strong> <strong>Gewicht<\/strong> <strong>lbs (Kg)<\/strong><\/td>\n<\/tr>\n<tr>\n<td width=\"69\">RA-005<\/p>\n<p>CTSO<\/td>\n<td width=\"51\">6.00-6&#8243; HE<\/td>\n<td width=\"21\">6&#8243;<\/td>\n<td width=\"69\">\u00f840-\u00f835<\/td>\n<td width=\"78\">2135 (968)<\/td>\n<td width=\"111\">7642 (3466)<\/td>\n<td width=\"62\">4.56 (2.070)<\/td>\n<\/tr>\n<\/tbody>\n<\/table>\n<\/div>\n<\/div>\n<\/div>\n<\/div>","protected":false},"excerpt":{"rendered":"<h2>Beringer Wheel &#8211; Rad RA-005 &#8211; 6.00-6&#8243;<\/h2>","protected":false},"featured_media":6976,"comment_status":"open","ping_status":"closed","template":"","meta":{"_rtcl_gb_attr":"","ngg_post_thumbnail":0},"product_brand":[431],"product_cat":[390],"product_tag":[391,387,122,118,389,386],"class_list":{"0":"post-7009","1":"product","2":"type-product","3":"status-publish","4":"has-post-thumbnail","6":"product_brand-beringer","7":"product_cat-beringer_wheel","8":"product_tag-beringer","9":"product_tag-breakpad","10":"product_tag-bremsbelag","11":"product_tag-bremsscheibe","12":"product_tag-felge","13":"product_tag-rad","15":"first","16":"instock","17":"taxable","18":"shipping-taxable","19":"purchasable","20":"product-type-bundle"},"bundled_by":[],"bundle_stock_status":"instock","bundle_stock_quantity":"","bundle_virtual":false,"bundle_layout":"grid","bundle_add_to_cart_form_location":"default","bundle_editable_in_cart":true,"bundle_sold_individually_context":"product","bundle_item_grouping":"parent","bundle_min_size":1,"bundle_max_size":"","bundle_price":{"price":{"min":{"incl_tax":"0.00","excl_tax":"0.00"},"max":{"incl_tax":"0.00","excl_tax":"0.00"}},"regular_price":{"min":{"incl_tax":"0.00","excl_tax":"0.00"},"max":{"incl_tax":"0.00","excl_tax":"0.00"}}},"bundled_items":[{"bundled_item_id":288,"product_id":5812,"menu_order":0,"quantity_min":1,"quantity_max":30,"quantity_default":1,"priced_individually":true,"shipped_individually":false,"override_title":true,"title":"Pos. 01","override_description":false,"description":"","optional":true,"hide_thumbnail":true,"discount":"","override_variations":false,"allowed_variations":[],"override_default_variation_attributes":false,"default_variation_attributes":[],"single_product_visibility":"visible","cart_visibility":"visible","order_visibility":"visible","single_product_price_visibility":"visible","cart_price_visibility":"visible","order_price_visibility":"visible","stock_status":"in_stock"},{"bundled_item_id":289,"product_id":5091,"menu_order":1,"quantity_min":1,"quantity_max":30,"quantity_default":1,"priced_individually":true,"shipped_individually":false,"override_title":true,"title":"Pos. 02","override_description":false,"description":"","optional":true,"hide_thumbnail":true,"discount":"","override_variations":false,"allowed_variations":[],"override_default_variation_attributes":false,"default_variation_attributes":[],"single_product_visibility":"visible","cart_visibility":"visible","order_visibility":"visible","single_product_price_visibility":"visible","cart_price_visibility":"visible","order_price_visibility":"visible","stock_status":"in_stock"},{"bundled_item_id":290,"product_id":5262,"menu_order":2,"quantity_min":1,"quantity_max":30,"quantity_default":1,"priced_individually":true,"shipped_individually":false,"override_title":true,"title":"Pos. 03","override_description":false,"description":"","optional":true,"hide_thumbnail":true,"discount":"","override_variations":false,"allowed_variations":[],"override_default_variation_attributes":false,"default_variation_attributes":[],"single_product_visibility":"visible","cart_visibility":"visible","order_visibility":"visible","single_product_price_visibility":"visible","cart_price_visibility":"visible","order_price_visibility":"visible","stock_status":"in_stock"},{"bundled_item_id":291,"product_id":5785,"menu_order":3,"quantity_min":1,"quantity_max":30,"quantity_default":1,"priced_individually":true,"shipped_individually":false,"override_title":true,"title":"Pos. 04","override_description":false,"description":"","optional":true,"hide_thumbnail":true,"discount":"","override_variations":false,"allowed_variations":[],"override_default_variation_attributes":false,"default_variation_attributes":[],"single_product_visibility":"visible","cart_visibility":"visible","order_visibility":"visible","single_product_price_visibility":"visible","cart_price_visibility":"visible","order_price_visibility":"visible","stock_status":"in_stock"},{"bundled_item_id":292,"product_id":5085,"menu_order":4,"quantity_min":1,"quantity_max":30,"quantity_default":1,"priced_individually":true,"shipped_individually":false,"override_title":true,"title":"Pos. 05","override_description":false,"description":"","optional":true,"hide_thumbnail":true,"discount":"","override_variations":false,"allowed_variations":[],"override_default_variation_attributes":false,"default_variation_attributes":[],"single_product_visibility":"visible","cart_visibility":"visible","order_visibility":"visible","single_product_price_visibility":"visible","cart_price_visibility":"visible","order_price_visibility":"visible","stock_status":"in_stock"},{"bundled_item_id":293,"product_id":5261,"menu_order":5,"quantity_min":1,"quantity_max":30,"quantity_default":1,"priced_individually":true,"shipped_individually":false,"override_title":true,"title":"Pos. 06","override_description":false,"description":"","optional":true,"hide_thumbnail":true,"discount":"","override_variations":false,"allowed_variations":[],"override_default_variation_attributes":false,"default_variation_attributes":[],"single_product_visibility":"visible","cart_visibility":"visible","order_visibility":"visible","single_product_price_visibility":"visible","cart_price_visibility":"visible","order_price_visibility":"visible","stock_status":"in_stock"},{"bundled_item_id":280,"product_id":3950,"menu_order":6,"quantity_min":1,"quantity_max":30,"quantity_default":1,"priced_individually":true,"shipped_individually":false,"override_title":true,"title":"Pos. 08","override_description":false,"description":"","optional":true,"hide_thumbnail":true,"discount":"","override_variations":false,"allowed_variations":[],"override_default_variation_attributes":false,"default_variation_attributes":[],"single_product_visibility":"visible","cart_visibility":"visible","order_visibility":"visible","single_product_price_visibility":"visible","cart_price_visibility":"visible","order_price_visibility":"visible","stock_status":"in_stock"},{"bundled_item_id":282,"product_id":5854,"menu_order":7,"quantity_min":1,"quantity_max":30,"quantity_default":1,"priced_individually":true,"shipped_individually":false,"override_title":true,"title":"Pos. 10","override_description":false,"description":"","optional":true,"hide_thumbnail":true,"discount":"","override_variations":false,"allowed_variations":[],"override_default_variation_attributes":false,"default_variation_attributes":[],"single_product_visibility":"visible","cart_visibility":"visible","order_visibility":"visible","single_product_price_visibility":"visible","cart_price_visibility":"visible","order_price_visibility":"visible","stock_status":"in_stock"},{"bundled_item_id":294,"product_id":6688,"menu_order":8,"quantity_min":1,"quantity_max":30,"quantity_default":8,"priced_individually":true,"shipped_individually":false,"override_title":true,"title":"Pos. 11","override_description":false,"description":"","optional":true,"hide_thumbnail":true,"discount":"","override_variations":false,"allowed_variations":[],"override_default_variation_attributes":false,"default_variation_attributes":[],"single_product_visibility":"visible","cart_visibility":"visible","order_visibility":"visible","single_product_price_visibility":"visible","cart_price_visibility":"visible","order_price_visibility":"visible","stock_status":"in_stock"},{"bundled_item_id":295,"product_id":5847,"menu_order":9,"quantity_min":1,"quantity_max":30,"quantity_default":1,"priced_individually":true,"shipped_individually":false,"override_title":true,"title":"Pos. 12","override_description":false,"description":"","optional":true,"hide_thumbnail":true,"discount":"","override_variations":false,"allowed_variations":[],"override_default_variation_attributes":false,"default_variation_attributes":[],"single_product_visibility":"visible","cart_visibility":"visible","order_visibility":"visible","single_product_price_visibility":"visible","cart_price_visibility":"visible","order_price_visibility":"visible","stock_status":"in_stock"},{"bundled_item_id":296,"product_id":6323,"menu_order":10,"quantity_min":1,"quantity_max":30,"quantity_default":1,"priced_individually":true,"shipped_individually":false,"override_title":true,"title":"Komplettrad","override_description":false,"description":"","optional":true,"hide_thumbnail":true,"discount":"","override_variations":false,"allowed_variations":[],"override_default_variation_attributes":false,"default_variation_attributes":[],"single_product_visibility":"visible","cart_visibility":"visible","order_visibility":"visible","single_product_price_visibility":"visible","cart_price_visibility":"visible","order_price_visibility":"visible","stock_status":"in_stock"}],"bundle_sell_ids":[],"jetpack_sharing_enabled":true,"_links":{"self":[{"href":"https:\/\/www.aps-eb.de\/th\/wp-json\/wp\/v2\/product\/7009","targetHints":{"allow":["GET"]}}],"collection":[{"href":"https:\/\/www.aps-eb.de\/th\/wp-json\/wp\/v2\/product"}],"about":[{"href":"https:\/\/www.aps-eb.de\/th\/wp-json\/wp\/v2\/types\/product"}],"replies":[{"embeddable":true,"href":"https:\/\/www.aps-eb.de\/th\/wp-json\/wp\/v2\/comments?post=7009"}],"wp:featuredmedia":[{"embeddable":true,"href":"https:\/\/www.aps-eb.de\/th\/wp-json\/wp\/v2\/media\/6976"}],"wp:attachment":[{"href":"https:\/\/www.aps-eb.de\/th\/wp-json\/wp\/v2\/media?parent=7009"}],"wp:term":[{"taxonomy":"product_brand","embeddable":true,"href":"https:\/\/www.aps-eb.de\/th\/wp-json\/wp\/v2\/product_brand?post=7009"},{"taxonomy":"product_cat","embeddable":true,"href":"https:\/\/www.aps-eb.de\/th\/wp-json\/wp\/v2\/product_cat?post=7009"},{"taxonomy":"product_tag","embeddable":true,"href":"https:\/\/www.aps-eb.de\/th\/wp-json\/wp\/v2\/product_tag?post=7009"}],"curies":[{"name":"wp","href":"https:\/\/api.w.org\/{rel}","templated":true}]}}