{"id":807,"date":"2023-06-01T12:04:12","date_gmt":"2023-06-01T12:04:12","guid":{"rendered":"https:\/\/aps-eb.de\/?post_type=product&#038;p=807"},"modified":"2025-11-17T10:37:25","modified_gmt":"2025-11-17T10:37:25","slug":"propper-series-100-8-boot-herren-serie-100-stiefel-203-cm-mit-seitlichem-reissverschluss-springerstiefel","status":"publish","type":"product","link":"https:\/\/www.aps-eb.de\/th\/categorie\/propper-series-100-8-boot-herren-serie-100-stiefel-203-cm-mit-seitlichem-reissverschluss-springerstiefel\/","title":{"rendered":"Propper Series 100\u2122 ORIGINAL US-KAMPFSTIEFEL US-ARMEE US-EINSATZSTIEFEL mit seitlichem Rei\u00dfverschluss"},"content":{"rendered":"<h4>Propper Series 100\u2122 ORIGINAL US-KAMPFSTIEFEL US-ARMEE US-EINSATZSTIEFEL mit seitlichem Rei\u00dfverschluss<\/h4>\n<p>PREMIUM MEMORY FOAM-Einlegesohlen bieten optimalen Komfort f\u00fcr ganzt\u00e4giges Tragen, w\u00e4hrend die mitgelieferten, KOSTENLOSEN waschbaren und herausnehmbaren Passformeins\u00e4tze Ihren F\u00fc\u00dfen eine zus\u00e4tzliche Polsterung und Form verleihen, um das Fu\u00dfgew\u00f6lbe zu st\u00fctzen und das Gewicht zu verteilen. Die Coyote-Stiefel der Propper-Serie 100 sind AR-670-Milit\u00e4rkonform und basieren auf echten US-Gr\u00f6\u00dfen. Das Bogendesign widersteht der Abnutzung durch Leitern und schnelles Abseilen. Das Schnellschn\u00fcrsystem erm\u00f6glicht ein schnelles An- und Ausziehen. Ein antimikrobielles Futter f\u00f6rdert die Atmungsaktivit\u00e4t und blockiert geruchsverursachende Bakterien, um die Frische zu steigern und die Lebensdauer der Stiefel zu verl\u00e4ngern. Die hochwertigen Materialien aus Rindswildleder und Nylon halten mit der Zeit stand und halten Sie in Bewegung.<\/p>\n<ul>\n<li>Premium-Memory-Schaum-Einlegesohle<\/li>\n<li>Entwickelt in echten US-Gr\u00f6\u00dfen f\u00fcr hervorragende Passform mit hervorragender Gewichtsverteilung f\u00fcr ganzt\u00e4gigen Komfort<\/li>\n<li>Obermaterial aus Rindleder gem\u00e4\u00df AR 670-1 und 1000D-Nylon<\/li>\n<li>Reibungsbest\u00e4ndiges Schnellschn\u00fcrsystem mit 550 Paracord-Schn\u00fcrung<\/li>\n<li>Das Bogendesign widersteht der Abnutzung durch Leitern und schnelles Abseilen<\/li>\n<li>Offenzelliger Air-Mesh-Schaum sorgt f\u00fcr volle Fu\u00dfluftzirkulation und maximalen Komfort<\/li>\n<li>Atmungsaktives Futter leitet Feuchtigkeit ab und reguliert die Temperatur, behandelt mit Aegis\u00ae zur Geruchsverhinderung<\/li>\n<li>\u00d6l- und rutschfeste Gummiau\u00dfensohle f\u00fcr hervorragende Traktion und Sto\u00dfd\u00e4mpfung<\/li>\n<li>Von NATO-Mitgliedern getestet und zugelassen<\/li>\n<li>KOSTENLOSE optionale Passformeins\u00e4tze enthalten<\/li>\n<li>Importiert<\/li>\n<\/ul>\n<p>Propper\u00ae-Schuhe sind auf lang anhaltenden Komfort und Haltbarkeit ausgelegt. Alle unsere Stiefel basieren auf echten US-Gr\u00f6\u00dfen, um die perfekte Passform zu gew\u00e4hrleisten. Das Obermaterial aus Leder und 1000D-Nylon kann mit einem schnellen und einfachen Schnellschn\u00fcrsystem eng angezogen werden. Unser Gummifundament mit dreifacher Dichte und ein Bogen aus einer haltbaren Mischung halten den Strapazen des Schnellseilens stand. Die Serie 100\u00ae bietet ein hervorragendes Preis-Leistungs-Verh\u00e4ltnis bei Schuhen.<\/p>\n<p><b>Hinweis:<\/b>&nbsp;M = regular width | W = wide width<\/p>","protected":false},"excerpt":{"rendered":"<h4>Propper Series 100\u2122 ORIGINAL US-KAMPFSTIEFEL US-ARMEE US-EINSATZSTIEFEL mit seitlichem Rei\u00dfverschluss<\/h4>\n<p>PREMIUM MEMORY FOAM-Einlegesohlen bieten optimalen Komfort f\u00fcr ganzt\u00e4giges Tragen, w\u00e4hrend die mitgelieferten, KOSTENLOSEN waschbaren und herausnehmbaren Passformeins\u00e4tze Ihren F\u00fc\u00dfen eine zus\u00e4tzliche Polsterung und Form verleihen, um das Fu\u00dfgew\u00f6lbe zu st\u00fctzen und das Gewicht zu verteilen. Die Coyote-Stiefel der Propper-Serie 100 sind AR-670-Milit\u00e4rkonform und basieren auf echten US-Gr\u00f6\u00dfen. Das Bogendesign widersteht der Abnutzung durch Leitern und schnelles Abseilen. Das Schnellschn\u00fcrsystem erm\u00f6glicht ein schnelles An- und Ausziehen. Ein antimikrobielles Futter f\u00f6rdert die Atmungsaktivit\u00e4t und blockiert geruchsverursachende Bakterien, um die Frische zu steigern und die Lebensdauer der Stiefel zu verl\u00e4ngern. Die hochwertigen Materialien aus Rindswildleder und Nylon halten mit der Zeit stand und halten Sie in Bewegung.<\/p>","protected":false},"featured_media":847,"comment_status":"open","ping_status":"closed","template":"","meta":{"_rtcl_gb_attr":"","ngg_post_thumbnail":0},"product_brand":[],"product_cat":[333],"product_tag":[154,147,155,85,153],"class_list":{"0":"post-807","1":"product","2":"type-product","3":"status-publish","4":"has-post-thumbnail","6":"product_cat-schuhe","7":"product_tag-kampfstiefel","8":"product_tag-propper","9":"product_tag-springerstiefel","10":"product_tag-us-army","11":"product_tag-us-boots","13":"first","14":"instock","15":"taxable","16":"shipping-taxable","17":"purchasable","18":"product-type-variable"},"bundled_by":[],"bundle_stock_status":"instock","bundle_stock_quantity":null,"bundle_virtual":false,"bundle_layout":"","bundle_add_to_cart_form_location":"","bundle_editable_in_cart":false,"bundle_sold_individually_context":"","bundle_item_grouping":"","bundle_min_size":"","bundle_max_size":"","bundle_price":[],"bundled_items":[],"bundle_sell_ids":[],"jetpack_sharing_enabled":true,"_links":{"self":[{"href":"https:\/\/www.aps-eb.de\/th\/wp-json\/wp\/v2\/product\/807","targetHints":{"allow":["GET"]}}],"collection":[{"href":"https:\/\/www.aps-eb.de\/th\/wp-json\/wp\/v2\/product"}],"about":[{"href":"https:\/\/www.aps-eb.de\/th\/wp-json\/wp\/v2\/types\/product"}],"replies":[{"embeddable":true,"href":"https:\/\/www.aps-eb.de\/th\/wp-json\/wp\/v2\/comments?post=807"}],"wp:featuredmedia":[{"embeddable":true,"href":"https:\/\/www.aps-eb.de\/th\/wp-json\/wp\/v2\/media\/847"}],"wp:attachment":[{"href":"https:\/\/www.aps-eb.de\/th\/wp-json\/wp\/v2\/media?parent=807"}],"wp:term":[{"taxonomy":"product_brand","embeddable":true,"href":"https:\/\/www.aps-eb.de\/th\/wp-json\/wp\/v2\/product_brand?post=807"},{"taxonomy":"product_cat","embeddable":true,"href":"https:\/\/www.aps-eb.de\/th\/wp-json\/wp\/v2\/product_cat?post=807"},{"taxonomy":"product_tag","embeddable":true,"href":"https:\/\/www.aps-eb.de\/th\/wp-json\/wp\/v2\/product_tag?post=807"}],"curies":[{"name":"wp","href":"https:\/\/api.w.org\/{rel}","templated":true}]}}