{"id":892,"date":"2023-06-01T12:46:38","date_gmt":"2023-06-01T12:46:38","guid":{"rendered":"https:\/\/aps-eb.de\/?post_type=product&#038;p=892"},"modified":"2025-10-11T08:18:46","modified_gmt":"2025-10-11T08:18:46","slug":"erweiterbarer-rucksack","status":"publish","type":"product","link":"https:\/\/www.aps-eb.de\/th\/categorie\/erweiterbarer-rucksack\/","title":{"rendered":"erweiterbarer Rucksack"},"content":{"rendered":"<h4 id=\"tw-target-text\" class=\"tw-data-text tw-text-large tw-ta\" dir=\"ltr\" data-placeholder=\"Translation\"><span class=\"Y2IQFc\" lang=\"de\">Erweiterbarer Rucksack<\/span><\/h4>\n<ul>\n<li>100 % Nylon<\/li>\n<li>erweiterbar f\u00fcr zus\u00e4tzliche Kapazit\u00e4t<\/li>\n<li>MOLLE-kompatibles Gurtband zur individuellen Anpassung<\/li>\n<li>Zwei \u00e4u\u00dfere Vordertaschen mit interner Organisation<\/li>\n<li>interner Schl\u00fcsselhalteclip<\/li>\n<li>Die Seitentaschen mit Rei\u00dfverschluss lassen sich erweitern und bieten Platz f\u00fcr eine Flasche oder ein Telefon<\/li>\n<li>Gepolsterte, verstellbare Schultergurte und verstellbarer Brustgurt<\/li>\n<li>Trinksystem kompatibel<\/li>\n<li>Gro\u00dfe Innentaschen zur Organisation<\/li>\n<li>Kontrastfutter sorgt f\u00fcr bessere Sichtbarkeit<\/li>\n<li>Hinteres Fach f\u00fcr Laptop<\/li>\n<li>\u00c4u\u00dferes Schlaufenfeld f\u00fcr Patches<\/li>\n<li>von NTOA-Mitgliedern getestet und zugelassen<\/li>\n<li>Importiert<\/li>\n<\/ul>\n<p>Der vielseitige erweiterbare Rucksack ist der perfekte Rucksack f\u00fcr jede Mission. Dieser hochwertige, langlebige Rucksack bietet maximale Tragkapazit\u00e4t und Organisation f\u00fcr optimale Ausr\u00fcstungsaufbewahrung mit 2 Zoll Erweiterung, wenn Sie sie brauchen. Ein gepolstertes, doppelt zug\u00e4ngliches hinteres Fach bietet sicheren Schutz. Die gepolsterten Schultergurte und der verstellbare Brustgurt erm\u00f6glichen eine hervorragende All- Tageskomfort und Gewichtsverteilung. Und au\u00dferdem ist diese Tasche perfekt f\u00fcr Reisen, da sie bequem unter Flugzeugsitzen verstaut werden kann.<\/p>","protected":false},"excerpt":{"rendered":"<h4 id=\"tw-target-text\" class=\"tw-data-text tw-text-large tw-ta\" dir=\"ltr\" data-placeholder=\"Translation\"><span class=\"Y2IQFc\" lang=\"de\">Erweiterbarer Rucksack<\/span><\/h4>","protected":false},"featured_media":901,"comment_status":"open","ping_status":"closed","template":"","meta":{"_rtcl_gb_attr":"","ngg_post_thumbnail":0},"product_brand":[],"product_cat":[330],"product_tag":[152,85],"class_list":{"0":"post-892","1":"product","2":"type-product","3":"status-publish","4":"has-post-thumbnail","6":"product_cat-taschen-backpacks","7":"product_tag-rucksack","8":"product_tag-us-army","9":"pa_farbe-coyote","10":"pa_farbe-schwarz","12":"first","13":"instock","14":"taxable","15":"shipping-taxable","16":"purchasable","17":"product-type-variable"},"bundled_by":[],"bundle_stock_status":"instock","bundle_stock_quantity":10,"bundle_virtual":false,"bundle_layout":"","bundle_add_to_cart_form_location":"","bundle_editable_in_cart":false,"bundle_sold_individually_context":"","bundle_item_grouping":"","bundle_min_size":"","bundle_max_size":"","bundle_price":[],"bundled_items":[],"bundle_sell_ids":[],"jetpack_sharing_enabled":true,"_links":{"self":[{"href":"https:\/\/www.aps-eb.de\/th\/wp-json\/wp\/v2\/product\/892","targetHints":{"allow":["GET"]}}],"collection":[{"href":"https:\/\/www.aps-eb.de\/th\/wp-json\/wp\/v2\/product"}],"about":[{"href":"https:\/\/www.aps-eb.de\/th\/wp-json\/wp\/v2\/types\/product"}],"replies":[{"embeddable":true,"href":"https:\/\/www.aps-eb.de\/th\/wp-json\/wp\/v2\/comments?post=892"}],"wp:featuredmedia":[{"embeddable":true,"href":"https:\/\/www.aps-eb.de\/th\/wp-json\/wp\/v2\/media\/901"}],"wp:attachment":[{"href":"https:\/\/www.aps-eb.de\/th\/wp-json\/wp\/v2\/media?parent=892"}],"wp:term":[{"taxonomy":"product_brand","embeddable":true,"href":"https:\/\/www.aps-eb.de\/th\/wp-json\/wp\/v2\/product_brand?post=892"},{"taxonomy":"product_cat","embeddable":true,"href":"https:\/\/www.aps-eb.de\/th\/wp-json\/wp\/v2\/product_cat?post=892"},{"taxonomy":"product_tag","embeddable":true,"href":"https:\/\/www.aps-eb.de\/th\/wp-json\/wp\/v2\/product_tag?post=892"}],"curies":[{"name":"wp","href":"https:\/\/api.w.org\/{rel}","templated":true}]}}