{"id":905,"date":"2023-06-01T12:56:35","date_gmt":"2023-06-01T12:56:35","guid":{"rendered":"https:\/\/aps-eb.de\/?post_type=product&#038;p=905"},"modified":"2026-03-17T05:41:09","modified_gmt":"2026-03-17T05:41:09","slug":"taktische-tragetasche","status":"publish","type":"product","link":"https:\/\/www.aps-eb.de\/th\/categorie\/taktische-tragetasche\/","title":{"rendered":"Pilotentasche"},"content":{"rendered":"<h4 id=\"tw-target-text\" class=\"tw-data-text tw-text-large tw-ta\" dir=\"ltr\" data-placeholder=\"Translation\">Pilotentasche<\/h4>\n<ul>\n<li>100 % Polyester<\/li>\n<li>Auf allen Seiten gepolstert f\u00fcr mehr Schutz und Stabilit\u00e4t<\/li>\n<li>Vordertasche mit sechs F\u00e4chern<\/li>\n<li>Hintertasche mit Klettverschluss und herausnehmbarer, ausklappbarer Matte<\/li>\n<li>MOLLE-kompatibles Gurtband zur individuellen Gestaltung<\/li>\n<li>Gepolsterter, verstellbarer Schultergurt<\/li>\n<li>Zwei verstellbare Innenteiler<\/li>\n<li>Kostenloses, herausnehmbares Organizer-Panel mit Klettverschluss<\/li>\n<li>Von NTOA-Mitgliedern getestet und zugelassen<\/li>\n<li>Importiert<\/li>\n<\/ul>\n<p>Robuste Materialien und ausreichend Stauraum, damit Sie f\u00fcr jede Reise oder jeden Einsatz ger\u00fcstet sind. Die Tactical Duffle besteht aus strapazierf\u00e4higem Cordura-Nylon und einem verst\u00e4rkten Boden f\u00fcr zus\u00e4tzliche Stabilit\u00e4t. Der gepolsterte Schultergurt und die gummierten Griffe sorgen daf\u00fcr, dass diese Tasche auch dann leicht zu tragen ist, wenn sie mit der gesamten wichtigen Ausr\u00fcstung beladen ist. Halten Sie Ihre Schuhe oder Stiefel im seitlichen Schuhtunnel, der sich nach innen erweitert, von anderen Gegenst\u00e4nden getrennt und passen Sie ihn mit zus\u00e4tzlichem Stauraum mit MOLLE-kompatiblem Gurtband und mit Schlaufen gef\u00fctterten Innentaschenfeldern individuell an.<\/p>","protected":false},"excerpt":{"rendered":"<h4 id=\"tw-target-text\" class=\"tw-data-text tw-text-large tw-ta\" dir=\"ltr\" data-placeholder=\"Translation\">taktische Tragetasche<\/h4>","protected":false},"featured_media":1874,"comment_status":"open","ping_status":"closed","template":"","meta":{"_rtcl_gb_attr":"","ngg_post_thumbnail":0},"product_brand":[],"product_cat":[330],"product_tag":[133,135,132,85],"class_list":{"0":"post-905","1":"product","2":"type-product","3":"status-publish","4":"has-post-thumbnail","6":"product_cat-taschen-backpacks","7":"product_tag-pilotentasche","8":"product_tag-taktische-tragetasche","9":"product_tag-tragetasche","10":"product_tag-us-army","11":"pa_farbe-olive","12":"pa_farbe-schwarz","14":"first","15":"instock","16":"taxable","17":"shipping-taxable","18":"purchasable","19":"product-type-variable","20":"has-default-attributes"},"bundled_by":[],"bundle_stock_status":"instock","bundle_stock_quantity":null,"bundle_virtual":false,"bundle_layout":"","bundle_add_to_cart_form_location":"","bundle_editable_in_cart":false,"bundle_sold_individually_context":"","bundle_item_grouping":"","bundle_min_size":"","bundle_max_size":"","bundle_price":[],"bundled_items":[],"bundle_sell_ids":[],"jetpack_sharing_enabled":true,"_links":{"self":[{"href":"https:\/\/www.aps-eb.de\/th\/wp-json\/wp\/v2\/product\/905","targetHints":{"allow":["GET"]}}],"collection":[{"href":"https:\/\/www.aps-eb.de\/th\/wp-json\/wp\/v2\/product"}],"about":[{"href":"https:\/\/www.aps-eb.de\/th\/wp-json\/wp\/v2\/types\/product"}],"replies":[{"embeddable":true,"href":"https:\/\/www.aps-eb.de\/th\/wp-json\/wp\/v2\/comments?post=905"}],"wp:featuredmedia":[{"embeddable":true,"href":"https:\/\/www.aps-eb.de\/th\/wp-json\/wp\/v2\/media\/1874"}],"wp:attachment":[{"href":"https:\/\/www.aps-eb.de\/th\/wp-json\/wp\/v2\/media?parent=905"}],"wp:term":[{"taxonomy":"product_brand","embeddable":true,"href":"https:\/\/www.aps-eb.de\/th\/wp-json\/wp\/v2\/product_brand?post=905"},{"taxonomy":"product_cat","embeddable":true,"href":"https:\/\/www.aps-eb.de\/th\/wp-json\/wp\/v2\/product_cat?post=905"},{"taxonomy":"product_tag","embeddable":true,"href":"https:\/\/www.aps-eb.de\/th\/wp-json\/wp\/v2\/product_tag?post=905"}],"curies":[{"name":"wp","href":"https:\/\/api.w.org\/{rel}","templated":true}]}}